{"id":2308,"date":"2015-09-24T22:46:18","date_gmt":"2015-09-24T20:46:18","guid":{"rendered":"http:\/\/afaverre.fr\/Afaverre\/?page_id=2308"},"modified":"2026-02-05T09:48:00","modified_gmt":"2026-02-05T08:48:00","slug":"consignes-pour-la-redaction-des-articles-du-bulletin-de-lafav","status":"publish","type":"page","link":"https:\/\/afaverre.fr\/Afaverre\/consignes-pour-la-redaction-des-articles-du-bulletin-de-lafav\/","title":{"rendered":"Consignes pour la r\u00e9daction des articles du bulletin de l&rsquo;AFAV"},"content":{"rendered":"\n<p style=\"margin-top:var(--wp--preset--spacing--50);margin-bottom:var(--wp--preset--spacing--30)\">___________________________________________________________________________<\/p>\n\n\n\n<p><strong>Bulletin \u2013 2025-2026<\/strong><br><a href=\"#ancre1\">Principes g\u00e9n\u00e9raux<\/a><br><a href=\"#ancre2\">Documents textes \u00e0 fournir<\/a><br><a href=\"#ancre3\">R\u00e8gles typographiques et orthographe pour les textes fran\u00e7ais<\/a><br><a href=\"#ancre4\">Bibliographie<\/a><br><a href=\"#ancre5\">Illustrations<\/a><\/p>\n\n\n\n<p style=\"margin-top:var(--wp--preset--spacing--30);margin-bottom:var(--wp--preset--spacing--30)\">___________________________________________________________________________<\/p>\n\n\n\n<h2 class=\"wp-block-heading\" style=\"margin-top:var(--wp--preset--spacing--30);margin-bottom:var(--wp--preset--spacing--30)\"><a name=\"ancre1\"><\/a><strong>Principes g\u00e9n\u00e9raux<\/strong><\/h2>\n\n\n\n<p>Les contraintes des co\u00fbts d\u2019\u00e9dition obligeant \u00e0 faire des choix, l\u2019\u00e9conomie de signes est la r\u00e8gle. On veillera donc \u00e0 ne soumettre au comit\u00e9 \u00e9ditorial que des textes r\u00e9dig\u00e9s de mani\u00e8re aussi simple et concise que possible, afin que chacun d\u2019entre vous puisse s\u2019exprimer et que le volume du bulletin reste g\u00e9rable. Sauf accord du Comit\u00e9 d\u2019\u00c9dition, dans la mesure du possible, les articles ne devront pas d\u00e9passer 9 500 caract\u00e8res (hors espaces) ou 11 500 signes espaces compris. Les notes, l\u00e9gendes et bibliographie viennent en plus.<\/p>\n\n\n\n<p>Les auteurs enverront les documents \u00e0 l&rsquo;attention de <strong>Claudine Munier avant la fin du mois de d\u00e9cembre suivant les Rencontres<\/strong>, \u00e0 l&rsquo;adresse suivante :  <strong>bulletin@afaverre.fr<\/strong><\/p>\n\n\n\n<p style=\"padding-top:var(--wp--preset--spacing--20);padding-bottom:var(--wp--preset--spacing--20)\"><strong>Proposer un article<\/strong> :<\/p>\n\n\n\n<p>Depuis plusieurs ann\u00e9es, le bulletin sert \u00e9galement \u00e0 pr\u00e9senter de petits articles qui n\u2019ont pas fait l\u2019objet d\u2019une pr\u00e9sentation orale ou d&rsquo;un poster, lors de nos rencontres. Vous pouvez soumettre vos propositions par mail, mais ils seront accept\u00e9s apr\u00e8s discussion par le comit\u00e9 d\u2019\u00e9dition, en fonction de la place disponible dans le bulletin. Les articles des communications sont prioritaires.<\/p>\n\n\n\n<p style=\"margin-top:var(--wp--preset--spacing--30);margin-bottom:var(--wp--preset--spacing--30)\">___________________________________________________________________________<\/p>\n\n\n\n<h2 class=\"wp-block-heading\" style=\"margin-top:var(--wp--preset--spacing--30);margin-bottom:var(--wp--preset--spacing--30)\"><a name=\"ancre2\"><\/a><strong>Documents textes \u00e0 fournir<\/strong><\/h2>\n\n\n\n<p><strong>Titre <\/strong><\/p>\n\n\n\n<p style=\"padding-bottom:var(--wp--preset--spacing--20)\">Merci de privil\u00e9gier des intitul\u00e9s assez courts r\u00e9sumant l\u2019essentiel de ce que vous souhaitez faire ressortir. Doivent \u00eatre mentionn\u00e9es dans le titre la localisation g\u00e9ographique et la p\u00e9riode.<\/p>\n\n\n\n<p><strong>Mots-cl\u00e9s<\/strong><\/p>\n\n\n\n<p style=\"padding-top:0;padding-bottom:var(--wp--preset--spacing--20)\">Pour que chacun s\u2019y retrouve plus rapidement, et notamment pour nos lecteurs \u00e9trangers, merci de fournir une liste de 5 \u00e0 6 mots cl\u00e9s. Ces \u00e9l\u00e9ments faciliteront \u00e9galement les recherches lors de la mise en ligne du bulletin sur le site AFAVerre.<\/p>\n\n\n\n<p><strong>Texte <\/strong><\/p>\n\n\n\n<ul style=\"margin-bottom:var(--wp--preset--spacing--20)\" class=\"wp-block-list\">\n<li>Les tapuscrits doivent \u00eatre r\u00e9alis\u00e9s sous Word (texte saisi en style standard, police Arial, corps 10, enregistr\u00e9 au format .doc).<\/li>\n\n\n\n<li>Le texte doit \u00eatre saisi \u00ab au kilom\u00e8tre \u00bb, sans mise en page.<\/li>\n\n\n\n<li>Indiquez en gras les titres de paragraphes. Ne pas utiliser de feuille de style.<\/li>\n\n\n\n<li>Les notes sont autoris\u00e9es mais devront \u00eatre r\u00e9duites au minimum. Placer les appels de notes (1 \u00e0 n) dans le texte et les notes <strong>en fin de texte <\/strong>(et non en bas de page, pour des questions de montage lors de l\u2019int\u00e9gration avec le logiciel de PAO). \u00c0 la mise en page, elles seront plac\u00e9es en bas de colonne par page.<\/li>\n\n\n\n<li>Les pr\u00e9f\u00e9rences d\u2019emplacement des illustrations doivent \u00eatre signal\u00e9es dans le texte, sachant que le texte est \u00e9dit\u00e9 sur deux colonnes.<\/li>\n\n\n\n<li>Les abr\u00e9viations accept\u00e9es\u00a0: Is., AR, Tr. ou Tr\u00e8ves, HN<\/li>\n\n\n\n<li>La bibliographie et les l\u00e9gendes des figures sont \u00e0 fournir en fin du texte ou dans un document s\u00e9par\u00e9.<\/li>\n\n\n\n<li>Les illustrations sont \u00e0 fournir en documents s\u00e9par\u00e9s (voir les normes ci-dessous).<\/li>\n<\/ul>\n\n\n\n<p><strong>Signature(s) : <\/strong><\/p>\n\n\n\n<ul class=\"wp-block-list\">\n<li>Nom(s) et pr\u00e9nom(s) du ou des auteurs en entier.<\/li>\n\n\n\n<li>En note&nbsp;: Nom et adresse compl\u00e8te des laboratoires ou des organismes de rattachement, num\u00e9ro de l\u2019UMR et d\u00e9veloppement de son intitul\u00e9.<\/li>\n\n\n\n<li>Courriel (pr\u00e9ciser s\u2019il peut \u00eatre publi\u00e9 ou non).<\/li>\n<\/ul>\n\n\n\n<p style=\"margin-top:var(--wp--preset--spacing--30);margin-bottom:var(--wp--preset--spacing--30)\">___________________________________________________________________________<\/p>\n\n\n\n<h2 class=\"wp-block-heading\" style=\"margin-top:var(--wp--preset--spacing--30);margin-bottom:var(--wp--preset--spacing--30)\"><a name=\"ancre3\"><\/a><strong>R\u00e8gles ty<\/strong><strong>pographiques et orthographe pour les textes fran\u00e7ais<\/strong><\/h2>\n\n\n\n<ul class=\"wp-block-list\">\n<li>Ponctuation : \n<ul class=\"wp-block-list\">\n<li>s\u00e9par\u00e9es du dernier caract\u00e8re par un espace ins\u00e9cable pour : ; ?<\/li>\n\n\n\n<li>coll\u00e9es au dernier caract\u00e8re pour , .<\/li>\n<\/ul>\n<\/li>\n\n\n\n<li>S\u00e9parations\/espaces espaces ins\u00e9cables Is. 3, AR 36, n\u00b0 12, fig. 4, 10 %, 10 000e<\/li>\n\n\n\n<li>Guillemets \u00e0 la fran\u00e7aise \u00ab\u00a0mal pr\u00e9par\u00e9s\u00a0\u00bb,<\/li>\n\n\n\n<li>Accents sur les majuscules \u00c0, \u00c9, \u00c8, \u00ca ou \u00ce<\/li>\n\n\n\n<li>Les noms et mots latins d\u2019usage courant s\u2019\u00e9crivent en italique : <em>cf., infra, supra, forum, villa, oppidum<\/em>.<\/li>\n\n\n\n<li>Dates \n<ul class=\"wp-block-list\">\n<li>Les dates s\u2019\u00e9crivent av. J.-C. ou apr. J.-C.<\/li>\n\n\n\n<li>Les si\u00e8cles sont cit\u00e9s : III<sup>e<\/sup>, I<sup>er<\/sup>, et non<span style=\"text-decoration: line-through;\">III\u00e8me<\/span>, ou <span style=\"text-decoration: line-through;\">III\u00e8me<\/span><\/li>\n<\/ul>\n<\/li>\n\n\n\n<li>Citations et r\u00e9f\u00e9rences d\u2019auteurs anciens ou r\u00e9cents\n<ul class=\"wp-block-list\">\n<li>Pour les auteurs anciens, on utilisera le nom complet de l\u2019auteur. Les indications de livres et chapitres, etc., seront exclusivement en chiffres arabes et seront s\u00e9par\u00e9es par un point, sous la forme suivante : \u00ab\u00a0Strabon 4.2.1\u00a0\u00bb (pas de virgule apr\u00e8s le nom de l\u2019auteur quand le titre de l\u2019\u0153uvre n\u2019est pas cit\u00e9, mais \u00ab\u00a0C\u00e9sar, <em>BG<\/em>, 3.23.2\u00a0\u00bb, avec le titre entre virgules). <\/li>\n\n\n\n<li>Pour les abr\u00e9viations d\u2019ouvrages anciens, utiliser les listes du dictionnaire Gaffiot<\/li>\n\n\n\n<li><em>R\u00e9f\u00e9rences d\u2019inscriptions : <\/em>le <em>corpus <\/em>(<em>CIL<\/em>) se cite ainsi : <em>CIL, <\/em>XIII, 2448 (sans indication de page, sauf si l\u2019indication est n\u00e9cessaire).<\/li>\n\n\n\n<li>Pour les auteurs r\u00e9cents, mettre la r\u00e9f\u00e9rence bibliographique dans le corps du texte sous cette forme\u00a0: (Auteur ann\u00e9e, page). Par exemple\u00a0: (Isings 1957, 78).<\/li>\n<\/ul>\n<\/li>\n<\/ul>\n\n\n\n<p style=\"margin-top:var(--wp--preset--spacing--30);margin-bottom:var(--wp--preset--spacing--30)\">___________________________________________________________________________<\/p>\n\n\n\n<h2 class=\"wp-block-heading\" style=\"margin-top:var(--wp--preset--spacing--30);margin-bottom:var(--wp--preset--spacing--30)\"><strong>Bibliographie<\/strong><\/h2>\n\n\n\n<p><strong>Dans le texte et les notes du texte<\/strong>, les r\u00e9f\u00e9rences bibliographiques seront donn\u00e9es ainsi :<\/p>\n\n\n\n<ul style=\"margin-bottom:var(--wp--preset--spacing--20)\" class=\"wp-block-list\">\n<li>Price 1991, 58 (un auteur)<\/li>\n\n\n\n<li>Price, Cottam 1998, 113-125 (2 auteurs)<\/li>\n\n\n\n<li>Arveiller-Dulong <em>et al.<\/em> 2003, 150-151, fig. 10 (plus de 2 auteurs).<\/li>\n<\/ul>\n\n\n\n<p style=\"padding-bottom:var(--wp--preset--spacing--20)\">On \u00e9crira fig. (pour figure), n\u00b0 (pour num\u00e9ro), note (pour note) mais page ne s\u2019\u00e9crit pas.<\/p>\n\n\n\n<p>Les noms et pr\u00e9noms de la bibliographie sont \u00e9crits en minuscules, \u00e0 l\u2019exception de la lettre initiale, toujours une majuscule.<\/p>\n\n\n\n<p style=\"padding-bottom:0\"><strong>Les pr\u00e9noms ne sont pas \u00e9crits en entier, mais sont toujours abr\u00e9g\u00e9s. L\u2019abr\u00e9viation est celle de la derni\u00e8re consonne, suivie d\u2019un point<\/strong>.<\/p>\n\n\n\n<ul style=\"margin-bottom:var(--wp--preset--spacing--20)\" class=\"wp-block-list\">\n<li> C. = Carole ; Ch. pour Charles<strong>, <\/strong>St. pour St\u00e9phanie, Chr. pour Christine, etc. <\/li>\n\n\n\n<li>Les pr\u00e9noms compos\u00e9s s\u2019\u00e9crivent avec un tiret interm\u00e9diaire : M.-G. pour Marie-Genevi\u00e8ve.<\/li>\n<\/ul>\n\n\n\n<p style=\"padding-bottom:var(--wp--preset--spacing--20)\">Les r\u00e9f\u00e9rences bibliographiques sont d\u00e9velopp\u00e9es en fin de texte et regroup\u00e9es par ordre alphab\u00e9tique, puis chronologique des auteurs.<\/p>\n\n\n\n<p>Les abr\u00e9viations sont trait\u00e9es selon les cas :<\/p>\n\n\n\n<ul class=\"wp-block-list\">\n<li>Elles sont possibles uniquement pour les ouvrages sur le verre que tout le monde conna\u00eet.\n<ul class=\"wp-block-list\">\n<li>Abr\u00e9viations accept\u00e9es\u00a0: <strong>BullAFAV<\/strong> pour le bulletin de l\u2019AFAV, <strong>AIHV<\/strong> pour les actes de l\u2019Association Internationale pour l\u2019Histoire du Verre, <strong>JGS<\/strong> pour le Journal of Glass Studies<\/li>\n<\/ul>\n<\/li>\n\n\n\n<li>Les revues locales et r\u00e9gionales, dont tout le monde ne connait pas forc\u00e9ment le d\u00e9velopp\u00e9 complet doivent \u00eatre explicit\u00e9es.<\/li>\n<\/ul>\n\n\n\n<ul style=\"margin-bottom:var(--wp--preset--spacing--20)\" class=\"wp-block-list\">\n<li>Pour les revues, pr\u00e9f\u00e9rer le nom complet, par exemple, Revue Arch\u00e9ologique de l\u2019Ouest (et non\u00a0: RAO). Pr\u00e9ciser l\u2019\u00e9diteur quand c\u2019est possible.<\/li>\n<\/ul>\n\n\n\n<h3 class=\"wp-block-heading\" style=\"margin-top:var(--wp--preset--spacing--30);margin-bottom:var(--wp--preset--spacing--30)\"><strong>Pour vous aider<\/strong><\/h3>\n\n\n\n<ol class=\"wp-block-list\">\n<li style=\"margin-bottom:var(--wp--preset--spacing--20)\"><span style=\"text-decoration: underline;\">Articles, notes, chroniques<\/span><\/li>\n<\/ol>\n\n\n\n<div class=\"wp-block-group has-global-padding is-layout-constrained wp-block-group-is-layout-constrained\">\n<p><strong>Eygun 1997&nbsp;<\/strong><\/p>\n\n\n\n<p style=\"padding-bottom:0\">Eygun (Fr.) : \u00ab&nbsp;Informations arch\u00e9ologiques. Circonscription de Poitou-Charentes&nbsp;\u00bb, <em>Gallia<\/em>, 25, Paris : \u00e9d. CNRS, 1997, 251-254.<\/p>\n<\/div>\n\n\n\n<ol start=\"2\" class=\"wp-block-list\">\n<li style=\"margin-top:var(--wp--preset--spacing--20);margin-bottom:var(--wp--preset--spacing--20)\"><span style=\"text-decoration: underline;\">Monographies<\/span><\/li>\n<\/ol>\n\n\n\n<div class=\"wp-block-group has-global-padding is-layout-constrained wp-block-group-is-layout-constrained\" style=\"margin-bottom:5px\">\n<p><strong>Feyeux 1995<\/strong><\/p>\n\n\n\n<p>Feyeux (J.-Y.) : <em>Le verre m\u00e9rovingien du quart nord-est de la France<\/em>, Paris&nbsp;: de Boccard, 1995.<\/p>\n<\/div>\n\n\n\n<div class=\"wp-block-group has-global-padding is-layout-constrained wp-block-group-is-layout-constrained\" style=\"margin-bottom:5px\">\n<p><strong>Whitehouse 1998&nbsp;<\/strong><\/p>\n\n\n\n<p>Whitehouse (D.)&nbsp;: <em>Excavations at Dur (Umm al-Qaiwain, United Arab Emirates<\/em>), vol.1, <em>The Glass Vessels<\/em>, Louvain : Peeters, 1998.<\/p>\n<\/div>\n\n\n\n<div class=\"wp-block-group has-global-padding is-layout-constrained wp-block-group-is-layout-constrained\">\n<p><strong>Price, Cottam 1998<\/strong><\/p>\n\n\n\n<p style=\"padding-bottom:0\">Price (J.), Cottam (S.)&nbsp;: <em>Romano-British Glass Vessels&nbsp;: A Handbook<\/em>, Practical Handbooks in Archaeology, 14, York : Council of British Archaeology, 1998.<\/p>\n<\/div>\n\n\n\n<ol start=\"3\" class=\"wp-block-list\">\n<li style=\"margin-top:var(--wp--preset--spacing--20);margin-bottom:var(--wp--preset--spacing--20)\"><span style=\"text-decoration: underline;\">Colloques, hommages, collectifs, catalogues<\/span><\/li>\n<\/ol>\n\n\n\n<p style=\"margin-bottom:5px\">Pour les catalogues raisonn\u00e9s de mus\u00e9es&nbsp;: les citer par l&rsquo;auteur et non par le lieu, par ex. Simon-Hiernard, Dubreuil 2000 (et non Poitiers 2000).<\/p>\n\n\n\n<div class=\"wp-block-group has-global-padding is-layout-constrained wp-block-group-is-layout-constrained\" style=\"margin-bottom:5px\">\n<p><strong>Arveiller-Dulong <em>et al<\/em>. 2003&nbsp;<\/strong><\/p>\n\n\n\n<p>Arveiller-Dulong (V.), Sennequier (G.), Vanpeene, (N.)&nbsp;: \u00ab&nbsp;Verreries du nord-ouest de la Gaule&nbsp;: productions et importations&nbsp;\u00bb, <em>in<\/em>&nbsp;: Foy, Nenna 2003, 147-160.<\/p>\n<\/div>\n\n\n\n<div class=\"wp-block-group has-global-padding is-layout-constrained wp-block-group-is-layout-constrained\" style=\"margin-bottom:5px\">\n<p><strong>Amrein, Hochuli-Gysel 2000<\/strong><\/p>\n\n\n\n<p>Amrein (H.), Hochuli-Gysel (A.)&nbsp;: \u00ab&nbsp;Le soufflage du verre. Attestations de la technique \u00e0 Avenches (Suisse) et \u00e0 Saintes (France) au I<sup>er<\/sup> si\u00e8cle ap. J.-C.&nbsp;\u00bb, A<em>nnales du 14<sup>e<\/sup> congr\u00e8s de l\u2019AIHV (Venise-Milan 1998<\/em>), Lochem, 2000, 89-94.<\/p>\n<\/div>\n\n\n\n<div class=\"wp-block-group has-global-padding is-layout-constrained wp-block-group-is-layout-constrained\" style=\"margin-bottom:5px\">\n<p><strong>F\u00fcnfschilling 2010 <\/strong><\/p>\n\n\n\n<p>F\u00fcnfschilling (S.) : \u00ab&nbsp;\u00c4gypten in Augusta Raurica \u2026&nbsp;\u00bb, <em>in<\/em>&nbsp;: Ebn\u00f6ther (C.), Schatzmann (R.) \u00e9d., <em>Oleum non perdidit. Festschrift f\u00fcr Stefanie Martin-Kilcher zu ihrem 65. Geburtstag, Antiqua <\/em>47, B\u00e2le, 2010, 125-135.<\/p>\n<\/div>\n\n\n\n<div class=\"wp-block-group has-global-padding is-layout-constrained wp-block-group-is-layout-constrained\" style=\"margin-bottom:5px\">\n<p><strong>Gratuze, Foy, 2012&nbsp;<\/strong><\/p>\n\n\n\n<p>Gratuze (B.), Foy (D.) &nbsp;: \u00ab&nbsp;La composition des verres islamiques d\u2019Al Hadir \u00bb, <em>in<\/em> Rousset (M.-O.), dir.&nbsp;: <em>Al-Hadir. \u00c9tude arch\u00e9ologique d\u2019un hameau de Qinnasrin (Syrie du Nord, VII<sup>e<\/sup>-XIII<sup>e<\/sup> si\u00e8cles)<\/em>, Travaux de la Maison de l\u2019Orient, 59, Lyon, 2012, 139-149.<\/p>\n<\/div>\n\n\n\n<div class=\"wp-block-group has-global-padding is-layout-constrained wp-block-group-is-layout-constrained\" style=\"margin-bottom:5px\">\n<p><strong>Foy,&nbsp; Nenna 2003 <\/strong><\/p>\n\n\n\n<p>Foy (D.), Nenna (M.-D.) \u00e9d. : <em>\u00c9changes et commerce du verre dans le monde antique<\/em>, Actes du colloque international de l\u2019AFAV, Aix-en-Provence et Marseille, juin 2001, <em>Monographies Instrumentum<\/em> 24, Montagnac, 2003.<\/p>\n<\/div>\n\n\n\n<div class=\"wp-block-group has-global-padding is-layout-constrained wp-block-group-is-layout-constrained\">\n<p><strong>Massab\u00f2 1999<\/strong><\/p>\n\n\n\n<p>Massab\u00f2 (B.)&nbsp;: <em>Magiche Trasparenze. <\/em><em>I vetri dell\u2019antica Albingaunum<\/em>, cat. exp., Milan, 1999.<\/p>\n<\/div>\n\n\n\n<ol start=\"4\" class=\"wp-block-list\">\n<li style=\"margin-top:var(--wp--preset--spacing--20);margin-bottom:var(--wp--preset--spacing--20)\"><span style=\"text-decoration: underline;\">Collections<\/span><\/li>\n<\/ol>\n\n\n\n<div class=\"wp-block-group has-global-padding is-layout-constrained wp-block-group-is-layout-constrained\">\n<p><strong>Fages 1995 <\/strong><\/p>\n\n\n\n<p>Fages (B.) : <em>Carte arch\u00e9ologique de la Gaule,<\/em> <em>47, Le Lot-et-Garonne<\/em>, Paris&nbsp;: Acad\u00e9mie des Inscriptions et Belles Lettres, 1995.<\/p>\n<\/div>\n\n\n\n<ol start=\"5\" class=\"wp-block-list\">\n<li style=\"margin-top:var(--wp--preset--spacing--20);margin-right:0;margin-bottom:var(--wp--preset--spacing--20);margin-left:0\"><span style=\"text-decoration: underline;\">Litt\u00e9rature grise<\/span><\/li>\n<\/ol>\n\n\n\n<ul class=\"wp-block-list\">\n<li style=\"margin-bottom:5px\">Les travaux d\u2019\u00e9tudiants seront cit\u00e9s comme des publications imprim\u00e9es :<\/li>\n<\/ul>\n\n\n\n<div class=\"wp-block-group has-global-padding is-layout-constrained wp-block-group-is-layout-constrained\">\n<p><strong>Mach 2004<\/strong><\/p>\n\n\n\n<p style=\"margin-bottom:5px\">Mach (J.)&nbsp;: <em>L\u2019artisanat du verre m\u00e9di\u00e9val et moderne en Roussillon (XIII<sup>e<\/sup>-XVII<sup>e<\/sup> si\u00e8cles). Un \u00e9tat de la documentation<\/em>, m\u00e9moire de Ma\u00eetrise, Universit\u00e9 de Provence, 2004. (In\u00e9dit).<\/p>\n<\/div>\n\n\n\n<div class=\"wp-block-group has-global-padding is-layout-constrained wp-block-group-is-layout-constrained\">\n<p><strong>Robin 2012<\/strong><\/p>\n\n\n\n<p>Robin (L.)&nbsp;: <em>Le verre \u00e0 Lyon-Lugdunum durant le Haut-Empire. Productions et consommation<\/em>, Th\u00e8se, Universit\u00e9 Lumi\u00e8re Lyon 2, 2012. (In\u00e9dite).<\/p>\n<\/div>\n\n\n\n<ul style=\"margin-bottom:5px\" class=\"wp-block-list\">\n<li>Les rapports de fouille :<\/li>\n<\/ul>\n\n\n\n<p style=\"margin-bottom:5px\">Ballarin (C.) : <em>Sainte Bazeille, Lestang<\/em>, Rapport de fouille, SRA Aquitaine, Afan, Pessac, 2001. (In\u00e9dit).<\/p>\n\n\n\n<p>Chugniaux (Chr.), Sireix (Chr.)&nbsp;: <em>Cours du Chapeau Rouge, Aquitaine Gironde Bordeaux Parkings<\/em>, Rapport de fouille pr\u00e9ventive, Inrap, 2006. (In\u00e9dit).<\/p>\n\n\n\n<p style=\"margin-top:var(--wp--preset--spacing--30);margin-bottom:var(--wp--preset--spacing--30)\">___________________________________________________________________________<br><a name=\"ancre5\"><\/a><\/p>\n\n\n\n<h2 class=\"wp-block-heading\" style=\"margin-top:var(--wp--preset--spacing--30);margin-bottom:var(--wp--preset--spacing--30)\"><strong>Illustrations<\/strong><\/h2>\n\n\n\n<p style=\"padding-bottom:var(--wp--preset--spacing--20)\">Le texte peut \u00eatre accompagn\u00e9 de 5 \u00e0 6 illustrations. Si vous en proposez plus, suivant le maquettage, nous serons peut-\u00eatre oblig\u00e9s de faire un choix (avec votre accord bien s\u00fbr\u00a0!). Au final, tout cela ne doit pas d\u00e9passer 2 A4. <\/p>\n\n\n\n<p style=\"padding-bottom:var(--wp--preset--spacing--20)\">Les illustrations doivent \u00eatre utiles \u00e0 la compr\u00e9hension du texte. Bien les choisir et de bonne qualit\u00e9. Ne pas les multiplier inutilement (dans ce cas le comit\u00e9 de r\u00e9daction pourrait demander le retrait de quelques-unes).<\/p>\n\n\n\n<p style=\"padding-bottom:var(--wp--preset--spacing--20)\">Les illustrations seront publi\u00e9es en pleine page -\u00e9quivalent A4-, en demi-page ou en tiers de page, selon le format qui en assure la pleine lisibilit\u00e9.<\/p>\n\n\n\n<p style=\"padding-bottom:var(--wp--preset--spacing--20)\">Les tableaux comptent parmi les figures et ne font pas l\u2019objet d\u2019une num\u00e9rotation propre.<\/p>\n\n\n\n<p style=\"padding-bottom:var(--wp--preset--spacing--20)\">Num\u00e9rotation dans l\u2019ordre, de 1 \u00e0 l\u2019infini : <strong>fig. nn <\/strong>\u00a0et appel d\u2019illustrations dans le texte entre parenth\u00e8ses (<strong>fig. nn<\/strong>).<\/p>\n\n\n\n<p style=\"padding-bottom:var(--wp--preset--spacing--20)\">L\u00e9gendes : une liste des l\u00e9gendes est \u00e0 fournir sur une liste s\u00e9par\u00e9e en fin de texte (<strong>ne pas oublier les cr\u00e9dits des illustrations<\/strong>). Toutes les illustrations doivent \u00eatre libres de droit d\u2019auteur ou d\u2019institution.<\/p>\n\n\n\n<p><strong>Pour les photos<\/strong>,<\/p>\n\n\n\n<ul style=\"margin-bottom:var(--wp--preset--spacing--20)\" class=\"wp-block-list\">\n<li>La d\u00e9finition minimale (pour une \u00e9dition sans agrandissement) est de <strong>300 dpi<\/strong> pour les clich\u00e9s et de 1200 dpi pour les dessins au trait non vectoriel.<\/li>\n\n\n\n<li>Fournir des documents de bonne qualit\u00e9 pour l\u2019\u00e9dition. Pour cela, fournir les fichiers sources aux <strong>formats .eps, .tif, .ai, .psd, .jpeg (uniquement en haute d\u00e9finition<\/strong>).<\/li>\n<\/ul>\n\n\n\n<p><strong>Pour les dessins au trait,<\/strong><\/p>\n\n\n\n<ul style=\"margin-bottom:var(--wp--preset--spacing--20)\" class=\"wp-block-list\">\n<li>remettre un fichier graphique de type <em>Illustrator<\/em>. La police a utilis\u00e9 pour num\u00e9roter par exemple est Arial en pas 8. (Si l\u2019auteur utilise un jeu de polices particuli\u00e8res, il est demand\u00e9 de vectoriser les textes). (Pour information, ne pas enregistrer dans une version post\u00e9rieure \u00e0 AI \u2013 CS4). Pour ceux qui ne disposent pas du logiciel, merci de fournir les figures dessins en format .pdf.<\/li>\n\n\n\n<li>Les dessins de mobilier en verre sont de pr\u00e9f\u00e9rence \u00e9dit\u00e9s \u00e0 l\u2019<strong>\u00e9chelle 1\/2<\/strong>.<\/li>\n\n\n\n<li>Les calques utilis\u00e9s en DAO ne doivent pas \u00eatre aplatis<\/li>\n\n\n\n<li style=\"padding-bottom:var(--wp--preset--spacing--20)\">En cas de montage <em>Adobe Illustrator<\/em>, il ne faut pas oublier de faire des importations d\u2019image sans lien ou \u00e0 d\u00e9faut \u00e9galement envoyer tous les fichiers sources (chaque original de dessin et photo ayant servi \u00e0 faire le montage)<\/li>\n<\/ul>\n\n\n\n<p style=\"padding-bottom:var(--wp--preset--spacing--20)\">Les illustrations seront pr\u00e9par\u00e9es sur une colonne (86 mm) ou deux colonnes (180 mm), la hauteur maximale des illustrations ne doit pas d\u00e9passer 230 mm, le tout sans cadre. En fonction du maquettage, certaines planches fournies peuvent \u00eatre susceptibles d\u2019\u00eatre r\u00e9agenc\u00e9es pour un de gain de place.<\/p>\n\n\n\n<p style=\"padding-bottom:var(--wp--preset--spacing--20)\">Sont absolument \u00e0 proscrire les illustrations et graphiques ins\u00e9r\u00e9s dans Word et les illustrations en basse r\u00e9solution.<\/p>\n\n\n\n<p style=\"padding-bottom:var(--wp--preset--spacing--20)\"><em>NB&nbsp;: Le bulletin est maintenant en couleurs, mais ce n\u2019est pas une raison pour en abuser. Nous vous invitons donc \u00e0 limiter la couleur aux illustrations et photographies qui le m\u00e9ritent (ainsi un simple point de localisation en rouge sur un plan N&amp;B sera \u00e0 retirer).<\/em><\/p>\n\n\n\n<p><strong>Pour les tableaux<\/strong><\/p>\n\n\n\n<ul class=\"wp-block-list\">\n<li>Les tableaux doivent \u00eatre consid\u00e9r\u00e9s comme des <strong>figures<\/strong> et avoir les m\u00eames dimensions maximales. <\/li>\n\n\n\n<li>Ne jamais mettre dans vos textes word, mais les fournir en documents isol\u00e9s comme les autres figures. Les tableaux sous Word et sous Excel sont toujours \u00e0 reprendre.<\/li>\n<\/ul>\n\n\n\n<p style=\"margin-top:var(--wp--preset--spacing--30)\"><em>Un grand merci \u00e0 tous pour le respect de ces normes&nbsp;!<br>Nous restons bien entendu \u00e0 votre disposition pour r\u00e9pondre \u00e0 tout questionnement ou soucis.<br>Bonne r\u00e9daction et au plaisir de vous lire bient\u00f4t.<\/em><\/p>\n\n\n\n<p><\/p>\n","protected":false},"excerpt":{"rendered":"<p>___________________________________________________________________________ Bulletin \u2013 2025-2026Principes g\u00e9n\u00e9rauxDocuments textes \u00e0 fournirR\u00e8gles typographiques et orthographe pour les textes fran\u00e7aisBibliographieIllustrations ___________________________________________________________________________ Principes g\u00e9n\u00e9raux Les contraintes des co\u00fbts d\u2019\u00e9dition obligeant \u00e0 faire des choix, l\u2019\u00e9conomie de [&hellip;]<\/p>\n","protected":false},"author":1,"featured_media":0,"parent":0,"menu_order":3,"comment_status":"closed","ping_status":"closed","template":"","meta":{"_EventAllDay":false,"_EventTimezone":"","_EventStartDate":"","_EventEndDate":"","_EventStartDateUTC":"","_EventEndDateUTC":"","_EventShowMap":false,"_EventShowMapLink":false,"_EventURL":"","_EventCost":"","_EventCostDescription":"","_EventCurrencySymbol":"","_EventCurrencyCode":"","_EventCurrencyPosition":"","_EventDateTimeSeparator":"","_EventTimeRangeSeparator":"","_EventOrganizerID":[],"_EventVenueID":[],"_OrganizerEmail":"","_OrganizerPhone":"","_OrganizerWebsite":"","_VenueAddress":"","_VenueCity":"","_VenueCountry":"","_VenueProvince":"","_VenueState":"","_VenueZip":"","_VenuePhone":"","_VenueURL":"","_VenueStateProvince":"","_VenueLat":"","_VenueLng":"","_VenueShowMap":false,"_VenueShowMapLink":false,"footnotes":""},"class_list":["post-2308","page","type-page","status-publish","hentry"],"_links":{"self":[{"href":"https:\/\/afaverre.fr\/Afaverre\/wp-json\/wp\/v2\/pages\/2308","targetHints":{"allow":["GET"]}}],"collection":[{"href":"https:\/\/afaverre.fr\/Afaverre\/wp-json\/wp\/v2\/pages"}],"about":[{"href":"https:\/\/afaverre.fr\/Afaverre\/wp-json\/wp\/v2\/types\/page"}],"author":[{"embeddable":true,"href":"https:\/\/afaverre.fr\/Afaverre\/wp-json\/wp\/v2\/users\/1"}],"replies":[{"embeddable":true,"href":"https:\/\/afaverre.fr\/Afaverre\/wp-json\/wp\/v2\/comments?post=2308"}],"version-history":[{"count":33,"href":"https:\/\/afaverre.fr\/Afaverre\/wp-json\/wp\/v2\/pages\/2308\/revisions"}],"predecessor-version":[{"id":7639,"href":"https:\/\/afaverre.fr\/Afaverre\/wp-json\/wp\/v2\/pages\/2308\/revisions\/7639"}],"wp:attachment":[{"href":"https:\/\/afaverre.fr\/Afaverre\/wp-json\/wp\/v2\/media?parent=2308"}],"curies":[{"name":"wp","href":"https:\/\/api.w.org\/{rel}","templated":true}]}}