{"id":2755,"date":"2016-11-21T22:44:59","date_gmt":"2016-11-21T21:44:59","guid":{"rendered":"http:\/\/afaverre.fr\/Afaverre\/?page_id=2755"},"modified":"2025-06-24T19:30:46","modified_gmt":"2025-06-24T17:30:46","slug":"les-gestes-qui-sauvent","status":"publish","type":"page","link":"https:\/\/afaverre.fr\/Afaverre\/publications\/les-gestes-qui-sauvent\/","title":{"rendered":"Les gestes qui sauvent"},"content":{"rendered":"\n<p style=\"padding-top:var(--wp--preset--spacing--50);padding-bottom:0\">Vous trouverez ci-dessous une fiche aide-m\u00e9moire sur les bonnes pratiques en vue de la conservation-restauration des verres arch\u00e9ologiques. Cette fiche est t\u00e9l\u00e9chargeable en pdf :<\/p>\n\n\n\n<div class=\"wp-block-file\"><a id=\"wp-block-file--media-2dce991e-87d9-4cda-beb6-dae32ad01a74\" href=\"https:\/\/afaverre.fr\/Afaverre\/wp-content\/uploads\/2025\/01\/Fiche-restauration.pdf\" target=\"_blank\" rel=\"noreferrer noopener\">Fiche-restauration<\/a><a href=\"https:\/\/afaverre.fr\/Afaverre\/wp-content\/uploads\/2025\/01\/Fiche-restauration.pdf\" class=\"wp-block-file__button wp-element-button\" download aria-describedby=\"wp-block-file--media-2dce991e-87d9-4cda-beb6-dae32ad01a74\">T\u00e9l\u00e9charger<\/a><\/div>\n\n\n\n<p>Elle est \u00e0 compl\u00e9ter par la lecture de deux articles publi\u00e9s dans le Bulletin de l&rsquo;AFAV 2015 :<\/p>\n\n\n\n<ul class=\"wp-block-list\">\n<li>\u00ab\u00a0Du sol \u00e0 l\u2019atelier de restauration : conseils pour la sauvegarde temporaire des verres arch\u00e9ologiques\u00a0\u00bb de&nbsp; Chantal Fontaine-Hodiamont, Marylen Kappes et Pascale Leroy-Lafaurie.<\/li>\n<\/ul>\n\n\n\n<div class=\"wp-block-file\"><a id=\"wp-block-file--media-caaf2a21-30b9-4c71-a365-43d8eb6fd40e\" href=\"https:\/\/afaverre.fr\/Afaverre\/wp-content\/uploads\/2025\/01\/BullAFAV-2015-article-fontaine-et-al.pdf\" target=\"_blank\" rel=\"noreferrer noopener\">BullAFAV-2015-article-fontaine-et-al<\/a><a href=\"https:\/\/afaverre.fr\/Afaverre\/wp-content\/uploads\/2025\/01\/BullAFAV-2015-article-fontaine-et-al.pdf\" class=\"wp-block-file__button wp-element-button\" download aria-describedby=\"wp-block-file--media-caaf2a21-30b9-4c71-a365-43d8eb6fd40e\">T\u00e9l\u00e9charger<\/a><\/div>\n\n\n\n<ul class=\"wp-block-list\">\n<li>\u00ab\u00a0\u00c0 la recherche du contenu des objets arch\u00e9ologiques en verre par les analyses chimiques\u00a0\u00bb de Nicolas Garnier.<\/li>\n<\/ul>\n\n\n\n<div class=\"wp-block-file\"><a id=\"wp-block-file--media-f195e9cc-c710-48cb-98ce-dcebaa3328ed\" href=\"https:\/\/afaverre.fr\/Afaverre\/wp-content\/uploads\/2025\/01\/BullAFAV-2015-article-garnier.pdf\" target=\"_blank\" rel=\"noreferrer noopener\">BullAFAV-2015-article-garnier<\/a><a href=\"https:\/\/afaverre.fr\/Afaverre\/wp-content\/uploads\/2025\/01\/BullAFAV-2015-article-garnier.pdf\" class=\"wp-block-file__button wp-element-button\" download aria-describedby=\"wp-block-file--media-f195e9cc-c710-48cb-98ce-dcebaa3328ed\">T\u00e9l\u00e9charger<\/a><\/div>\n\n\n\n<p><\/p>\n\n\n\n<p><\/p>\n","protected":false},"excerpt":{"rendered":"<p>Vous trouverez ci-dessous une fiche aide-m\u00e9moire sur les bonnes pratiques en vue de la conservation-restauration des verres arch\u00e9ologiques. Cette fiche est t\u00e9l\u00e9chargeable en pdf : Elle est \u00e0 compl\u00e9ter par [&hellip;]<\/p>\n","protected":false},"author":1,"featured_media":0,"parent":40,"menu_order":2,"comment_status":"closed","ping_status":"closed","template":"","meta":{"_EventAllDay":false,"_EventTimezone":"","_EventStartDate":"","_EventEndDate":"","_EventStartDateUTC":"","_EventEndDateUTC":"","_EventShowMap":false,"_EventShowMapLink":false,"_EventURL":"","_EventCost":"","_EventCostDescription":"","_EventCurrencySymbol":"","_EventCurrencyCode":"","_EventCurrencyPosition":"","_EventDateTimeSeparator":"","_EventTimeRangeSeparator":"","_EventOrganizerID":[],"_EventVenueID":[],"_OrganizerEmail":"","_OrganizerPhone":"","_OrganizerWebsite":"","_VenueAddress":"","_VenueCity":"","_VenueCountry":"","_VenueProvince":"","_VenueState":"","_VenueZip":"","_VenuePhone":"","_VenueURL":"","_VenueStateProvince":"","_VenueLat":"","_VenueLng":"","_VenueShowMap":false,"_VenueShowMapLink":false,"footnotes":""},"class_list":["post-2755","page","type-page","status-publish","hentry"],"_links":{"self":[{"href":"https:\/\/afaverre.fr\/Afaverre\/wp-json\/wp\/v2\/pages\/2755","targetHints":{"allow":["GET"]}}],"collection":[{"href":"https:\/\/afaverre.fr\/Afaverre\/wp-json\/wp\/v2\/pages"}],"about":[{"href":"https:\/\/afaverre.fr\/Afaverre\/wp-json\/wp\/v2\/types\/page"}],"author":[{"embeddable":true,"href":"https:\/\/afaverre.fr\/Afaverre\/wp-json\/wp\/v2\/users\/1"}],"replies":[{"embeddable":true,"href":"https:\/\/afaverre.fr\/Afaverre\/wp-json\/wp\/v2\/comments?post=2755"}],"version-history":[{"count":10,"href":"https:\/\/afaverre.fr\/Afaverre\/wp-json\/wp\/v2\/pages\/2755\/revisions"}],"predecessor-version":[{"id":7415,"href":"https:\/\/afaverre.fr\/Afaverre\/wp-json\/wp\/v2\/pages\/2755\/revisions\/7415"}],"up":[{"embeddable":true,"href":"https:\/\/afaverre.fr\/Afaverre\/wp-json\/wp\/v2\/pages\/40"}],"wp:attachment":[{"href":"https:\/\/afaverre.fr\/Afaverre\/wp-json\/wp\/v2\/media?parent=2755"}],"curies":[{"name":"wp","href":"https:\/\/api.w.org\/{rel}","templated":true}]}}