{"id":4824,"date":"2025-01-11T14:30:09","date_gmt":"2025-01-11T13:30:09","guid":{"rendered":"https:\/\/afav.dev-in.fr\/?page_id=4824"},"modified":"2025-10-07T22:59:50","modified_gmt":"2025-10-07T20:59:50","slug":"mentions-legales","status":"publish","type":"page","link":"https:\/\/afaverre.fr\/Afaverre\/mentions-legales\/","title":{"rendered":"Mentions l\u00e9gales"},"content":{"rendered":"\n<p style=\"padding-top:var(--wp--preset--spacing--50)\"><\/p>\n\n\n\n<p><\/p>\n\n\n\n<h3 class=\"wp-block-heading\">Directeur de la publication :  <\/h3>\n\n\n\n<p>Aurore Louis, pr\u00e9sidente de l&rsquo;AFAV.<\/p>\n\n\n\n<p><\/p>\n\n\n\n<div style=\"height:29px\" aria-hidden=\"true\" class=\"wp-block-spacer\"><\/div>\n\n\n\n<h3 class=\"wp-block-heading\">Editeur du site :<\/h3>\n\n\n\n<p>Association fran\u00e7aise pour l&rsquo;arch\u00e9ologie du verre (AFAV)<\/p>\n\n\n\n<p>Si\u00e8ge social : C\/o Les Arts D\u00e9coratifs &#8211; Mus\u00e9e des Arts d\u00e9coratifs &#8211; D\u00e9partement du verre<\/p>\n\n\n\n<p>107 rue de Rivoli<\/p>\n\n\n\n<p>75001 Paris<\/p>\n\n\n\n<p><\/p>\n\n\n\n<div style=\"height:29px\" aria-hidden=\"true\" class=\"wp-block-spacer\"><\/div>\n\n\n\n<h3 class=\"wp-block-heading\"><strong>Webmestres<\/strong> : <\/h3>\n\n\n\n<p>Jo\u00eblle Rolland, Jo\u00ebl Clesse, Aline Colombier-Gougouzian<\/p>\n","protected":false},"excerpt":{"rendered":"<p>Directeur de la publication : Aurore Louis, pr\u00e9sidente de l&rsquo;AFAV. Editeur du site : Association fran\u00e7aise pour l&rsquo;arch\u00e9ologie du verre (AFAV) Si\u00e8ge social : C\/o Les Arts D\u00e9coratifs &#8211; Mus\u00e9e [&hellip;]<\/p>\n","protected":false},"author":1,"featured_media":0,"parent":0,"menu_order":0,"comment_status":"closed","ping_status":"closed","template":"","meta":{"_EventAllDay":false,"_EventTimezone":"","_EventStartDate":"","_EventEndDate":"","_EventStartDateUTC":"","_EventEndDateUTC":"","_EventShowMap":false,"_EventShowMapLink":false,"_EventURL":"","_EventCost":"","_EventCostDescription":"","_EventCurrencySymbol":"","_EventCurrencyCode":"","_EventCurrencyPosition":"","_EventDateTimeSeparator":"","_EventTimeRangeSeparator":"","_EventOrganizerID":[],"_EventVenueID":[],"_OrganizerEmail":"","_OrganizerPhone":"","_OrganizerWebsite":"","_VenueAddress":"","_VenueCity":"","_VenueCountry":"","_VenueProvince":"","_VenueState":"","_VenueZip":"","_VenuePhone":"","_VenueURL":"","_VenueStateProvince":"","_VenueLat":"","_VenueLng":"","_VenueShowMap":false,"_VenueShowMapLink":false,"footnotes":""},"class_list":["post-4824","page","type-page","status-publish","hentry"],"_links":{"self":[{"href":"https:\/\/afaverre.fr\/Afaverre\/wp-json\/wp\/v2\/pages\/4824","targetHints":{"allow":["GET"]}}],"collection":[{"href":"https:\/\/afaverre.fr\/Afaverre\/wp-json\/wp\/v2\/pages"}],"about":[{"href":"https:\/\/afaverre.fr\/Afaverre\/wp-json\/wp\/v2\/types\/page"}],"author":[{"embeddable":true,"href":"https:\/\/afaverre.fr\/Afaverre\/wp-json\/wp\/v2\/users\/1"}],"replies":[{"embeddable":true,"href":"https:\/\/afaverre.fr\/Afaverre\/wp-json\/wp\/v2\/comments?post=4824"}],"version-history":[{"count":6,"href":"https:\/\/afaverre.fr\/Afaverre\/wp-json\/wp\/v2\/pages\/4824\/revisions"}],"predecessor-version":[{"id":7519,"href":"https:\/\/afaverre.fr\/Afaverre\/wp-json\/wp\/v2\/pages\/4824\/revisions\/7519"}],"wp:attachment":[{"href":"https:\/\/afaverre.fr\/Afaverre\/wp-json\/wp\/v2\/media?parent=4824"}],"curies":[{"name":"wp","href":"https:\/\/api.w.org\/{rel}","templated":true}]}}