{"id":4864,"date":"2025-01-11T20:48:38","date_gmt":"2025-01-11T19:48:38","guid":{"rendered":"https:\/\/afav.dev-in.fr\/?page_id=4864"},"modified":"2025-06-15T23:27:53","modified_gmt":"2025-06-15T21:27:53","slug":"publications-en-ligne","status":"publish","type":"page","link":"https:\/\/afaverre.fr\/Afaverre\/publications\/publications-en-ligne\/","title":{"rendered":"Aide m\u00e9moire du verre arch\u00e9ologique"},"content":{"rendered":"\n<div class=\"wp-block-group has-global-padding is-layout-constrained wp-block-group-is-layout-constrained\" style=\"padding-top:var(--wp--preset--spacing--50);padding-bottom:0\">\n<div class=\"wp-block-columns is-layout-flex wp-container-core-columns-is-layout-ec2e7a44 wp-block-columns-is-layout-flex\" style=\"padding-top:0;padding-bottom:0\">\n<div class=\"wp-block-column is-layout-flow wp-block-column-is-layout-flow\" style=\"flex-basis:33.33%\">\n<figure class=\"wp-block-image aligncenter size-full\"><img loading=\"lazy\" decoding=\"async\" width=\"208\" height=\"161\" src=\"https:\/\/afaverre.fr\/Afaverre\/wp-content\/uploads\/2025\/01\/image.png\" alt=\"\" class=\"wp-image-4949\"\/><\/figure>\n<\/div>\n\n\n\n<div class=\"wp-block-column is-layout-flow wp-block-column-is-layout-flow\" style=\"flex-basis:66.66%\">\n<p><strong>Hubert Cabart (2003) &#8211; \u00ab\u00a0Aide m\u00e9moire du verre arch\u00e9ologique &#8211; Nord et Midi\u00a0\u00bb in <em>Bulletin de la Soci\u00e9t\u00e9 arch\u00e9ologique Champenoise n\u00b0 2<\/em>, fascicule 2, 2003.<\/strong><a href=\"http:\/\/afaverre.fr\/Afaverre\/wp-content\/uploads\/2013\/11\/H_Cabard_aide_memoire_du_verre_archeo_2003.pdf\" target=\"_blank\" rel=\"noreferrer noopener\"><\/a><\/p>\n\n\n\n<div class=\"wp-block-file\" style=\"padding-top:var(--wp--preset--spacing--30);padding-bottom:var(--wp--preset--spacing--30)\"><a id=\"wp-block-file--media-1ea9efe1-f180-456d-aa3f-a5bd053f9bea\" href=\"https:\/\/afaverre.fr\/Afaverre\/wp-content\/uploads\/2025\/01\/H_Cabard_aide_memoire_du_verre_archeo_2003.pdf\">Aide m\u00e9moire du verre arch\u00e9ologique<\/a><a href=\"https:\/\/afaverre.fr\/Afaverre\/wp-content\/uploads\/2025\/01\/H_Cabard_aide_memoire_du_verre_archeo_2003.pdf\" class=\"wp-block-file__button wp-element-button\" download aria-describedby=\"wp-block-file--media-1ea9efe1-f180-456d-aa3f-a5bd053f9bea\">T\u00e9l\u00e9charger<\/a><\/div>\n<\/div>\n<\/div>\n<\/div>\n","protected":false},"excerpt":{"rendered":"<p>Hubert Cabart (2003) &#8211; \u00ab\u00a0Aide m\u00e9moire du verre arch\u00e9ologique &#8211; Nord et Midi\u00a0\u00bb in Bulletin de la Soci\u00e9t\u00e9 arch\u00e9ologique Champenoise n\u00b0 2, fascicule 2, 2003.<\/p>\n","protected":false},"author":1,"featured_media":0,"parent":40,"menu_order":1,"comment_status":"closed","ping_status":"closed","template":"","meta":{"_EventAllDay":false,"_EventTimezone":"","_EventStartDate":"","_EventEndDate":"","_EventStartDateUTC":"","_EventEndDateUTC":"","_EventShowMap":false,"_EventShowMapLink":false,"_EventURL":"","_EventCost":"","_EventCostDescription":"","_EventCurrencySymbol":"","_EventCurrencyCode":"","_EventCurrencyPosition":"","_EventDateTimeSeparator":"","_EventTimeRangeSeparator":"","_EventOrganizerID":[],"_EventVenueID":[],"_OrganizerEmail":"","_OrganizerPhone":"","_OrganizerWebsite":"","_VenueAddress":"","_VenueCity":"","_VenueCountry":"","_VenueProvince":"","_VenueState":"","_VenueZip":"","_VenuePhone":"","_VenueURL":"","_VenueStateProvince":"","_VenueLat":"","_VenueLng":"","_VenueShowMap":false,"_VenueShowMapLink":false,"footnotes":""},"class_list":["post-4864","page","type-page","status-publish","hentry"],"_links":{"self":[{"href":"https:\/\/afaverre.fr\/Afaverre\/wp-json\/wp\/v2\/pages\/4864","targetHints":{"allow":["GET"]}}],"collection":[{"href":"https:\/\/afaverre.fr\/Afaverre\/wp-json\/wp\/v2\/pages"}],"about":[{"href":"https:\/\/afaverre.fr\/Afaverre\/wp-json\/wp\/v2\/types\/page"}],"author":[{"embeddable":true,"href":"https:\/\/afaverre.fr\/Afaverre\/wp-json\/wp\/v2\/users\/1"}],"replies":[{"embeddable":true,"href":"https:\/\/afaverre.fr\/Afaverre\/wp-json\/wp\/v2\/comments?post=4864"}],"version-history":[{"count":36,"href":"https:\/\/afaverre.fr\/Afaverre\/wp-json\/wp\/v2\/pages\/4864\/revisions"}],"predecessor-version":[{"id":7375,"href":"https:\/\/afaverre.fr\/Afaverre\/wp-json\/wp\/v2\/pages\/4864\/revisions\/7375"}],"up":[{"embeddable":true,"href":"https:\/\/afaverre.fr\/Afaverre\/wp-json\/wp\/v2\/pages\/40"}],"wp:attachment":[{"href":"https:\/\/afaverre.fr\/Afaverre\/wp-json\/wp\/v2\/media?parent=4864"}],"curies":[{"name":"wp","href":"https:\/\/api.w.org\/{rel}","templated":true}]}}