{"id":4869,"date":"2025-01-11T21:02:41","date_gmt":"2025-01-11T20:02:41","guid":{"rendered":"https:\/\/afav.dev-in.fr\/?page_id=4869"},"modified":"2025-01-20T22:11:39","modified_gmt":"2025-01-20T21:11:39","slug":"rencontres-2017","status":"publish","type":"page","link":"https:\/\/afaverre.fr\/Afaverre\/rencontres-de-lafav\/rencontres-2017\/","title":{"rendered":"32e Rencontres &#8211; 2017"},"content":{"rendered":"\n<h2 class=\"wp-block-heading\" style=\"padding-top:var(--wp--preset--spacing--50);padding-bottom:var(--wp--preset--spacing--30)\">Les 32e rencontres se sont tenues \u00e0 Saint-Romain-En-Gal, du 27 au 29 octobre 2017<\/h2>\n\n\n\n<p style=\"margin-top:0;margin-bottom:var(--wp--preset--spacing--30)\">Ont contribu\u00e9 \u00e0 ce retour en images : Alain, Claudine, Jo\u00ebl, Nicole.<\/p>\n\n\n\n<figure class=\"wp-block-gallery has-nested-images columns-default is-cropped wp-block-gallery-1 is-layout-flex wp-block-gallery-is-layout-flex\">\n<figure class=\"wp-block-image size-large\"><img loading=\"lazy\" decoding=\"async\" width=\"1024\" height=\"576\" data-id=\"4393\" src=\"https:\/\/afaverre.fr\/Afaverre\/wp-content\/uploads\/2024\/10\/P1340907-1-1024x576.jpg\" alt=\"\" class=\"wp-image-4393\" srcset=\"https:\/\/afaverre.fr\/Afaverre\/wp-content\/uploads\/2024\/10\/P1340907-1-1024x576.jpg 1024w, https:\/\/afaverre.fr\/Afaverre\/wp-content\/uploads\/2024\/10\/P1340907-1-300x169.jpg 300w, https:\/\/afaverre.fr\/Afaverre\/wp-content\/uploads\/2024\/10\/P1340907-1-768x432.jpg 768w, https:\/\/afaverre.fr\/Afaverre\/wp-content\/uploads\/2024\/10\/P1340907-1.jpg 1365w\" sizes=\"auto, (max-width: 1024px) 100vw, 1024px\" \/><\/figure>\n\n\n\n<figure class=\"wp-block-image size-large\"><img loading=\"lazy\" decoding=\"async\" width=\"1024\" height=\"576\" data-id=\"4392\" src=\"https:\/\/afaverre.fr\/Afaverre\/wp-content\/uploads\/2024\/10\/P1340902-1-1024x576.jpg\" alt=\"\" class=\"wp-image-4392\" srcset=\"https:\/\/afaverre.fr\/Afaverre\/wp-content\/uploads\/2024\/10\/P1340902-1-1024x576.jpg 1024w, https:\/\/afaverre.fr\/Afaverre\/wp-content\/uploads\/2024\/10\/P1340902-1-300x169.jpg 300w, https:\/\/afaverre.fr\/Afaverre\/wp-content\/uploads\/2024\/10\/P1340902-1-768x432.jpg 768w, https:\/\/afaverre.fr\/Afaverre\/wp-content\/uploads\/2024\/10\/P1340902-1.jpg 1365w\" sizes=\"auto, (max-width: 1024px) 100vw, 1024px\" \/><\/figure>\n\n\n\n<figure class=\"wp-block-image size-full\"><img loading=\"lazy\" decoding=\"async\" width=\"1023\" height=\"768\" data-id=\"4389\" src=\"https:\/\/afaverre.fr\/Afaverre\/wp-content\/uploads\/2024\/10\/P1340895-1.jpg\" alt=\"\" class=\"wp-image-4389\" srcset=\"https:\/\/afaverre.fr\/Afaverre\/wp-content\/uploads\/2024\/10\/P1340895-1.jpg 1023w, https:\/\/afaverre.fr\/Afaverre\/wp-content\/uploads\/2024\/10\/P1340895-1-300x225.jpg 300w, https:\/\/afaverre.fr\/Afaverre\/wp-content\/uploads\/2024\/10\/P1340895-1-768x577.jpg 768w\" sizes=\"auto, (max-width: 1023px) 100vw, 1023px\" \/><\/figure>\n\n\n\n<figure class=\"wp-block-image size-full\"><img loading=\"lazy\" decoding=\"async\" width=\"1023\" height=\"768\" data-id=\"4388\" src=\"https:\/\/afaverre.fr\/Afaverre\/wp-content\/uploads\/2024\/10\/P1340922-1.jpg\" alt=\"\" class=\"wp-image-4388\" srcset=\"https:\/\/afaverre.fr\/Afaverre\/wp-content\/uploads\/2024\/10\/P1340922-1.jpg 1023w, https:\/\/afaverre.fr\/Afaverre\/wp-content\/uploads\/2024\/10\/P1340922-1-300x225.jpg 300w, https:\/\/afaverre.fr\/Afaverre\/wp-content\/uploads\/2024\/10\/P1340922-1-768x577.jpg 768w\" sizes=\"auto, (max-width: 1023px) 100vw, 1023px\" \/><\/figure>\n\n\n\n<figure class=\"wp-block-image size-full\"><img loading=\"lazy\" decoding=\"async\" width=\"768\" height=\"1023\" data-id=\"4386\" src=\"https:\/\/afaverre.fr\/Afaverre\/wp-content\/uploads\/2024\/10\/P1350585-1.jpg\" alt=\"\" class=\"wp-image-4386\" srcset=\"https:\/\/afaverre.fr\/Afaverre\/wp-content\/uploads\/2024\/10\/P1350585-1.jpg 768w, https:\/\/afaverre.fr\/Afaverre\/wp-content\/uploads\/2024\/10\/P1350585-1-225x300.jpg 225w\" sizes=\"auto, (max-width: 768px) 100vw, 768px\" \/><\/figure>\n\n\n\n<figure class=\"wp-block-image size-full\"><img loading=\"lazy\" decoding=\"async\" width=\"1024\" height=\"768\" data-id=\"4385\" src=\"https:\/\/afaverre.fr\/Afaverre\/wp-content\/uploads\/2024\/10\/P1100183-1.jpg\" alt=\"\" class=\"wp-image-4385\" srcset=\"https:\/\/afaverre.fr\/Afaverre\/wp-content\/uploads\/2024\/10\/P1100183-1.jpg 1024w, https:\/\/afaverre.fr\/Afaverre\/wp-content\/uploads\/2024\/10\/P1100183-1-300x225.jpg 300w, https:\/\/afaverre.fr\/Afaverre\/wp-content\/uploads\/2024\/10\/P1100183-1-768x576.jpg 768w\" sizes=\"auto, (max-width: 1024px) 100vw, 1024px\" \/><\/figure>\n\n\n\n<figure class=\"wp-block-image size-full\"><img loading=\"lazy\" decoding=\"async\" width=\"1023\" height=\"768\" data-id=\"4384\" src=\"https:\/\/afaverre.fr\/Afaverre\/wp-content\/uploads\/2024\/10\/P1340872-1.jpg\" alt=\"\" class=\"wp-image-4384\" srcset=\"https:\/\/afaverre.fr\/Afaverre\/wp-content\/uploads\/2024\/10\/P1340872-1.jpg 1023w, https:\/\/afaverre.fr\/Afaverre\/wp-content\/uploads\/2024\/10\/P1340872-1-300x225.jpg 300w, https:\/\/afaverre.fr\/Afaverre\/wp-content\/uploads\/2024\/10\/P1340872-1-768x577.jpg 768w\" sizes=\"auto, (max-width: 1023px) 100vw, 1023px\" \/><\/figure>\n\n\n\n<figure class=\"wp-block-image size-full\"><img loading=\"lazy\" decoding=\"async\" width=\"1023\" height=\"768\" data-id=\"4383\" src=\"https:\/\/afaverre.fr\/Afaverre\/wp-content\/uploads\/2024\/10\/P1350522-1.jpg\" alt=\"\" class=\"wp-image-4383\" srcset=\"https:\/\/afaverre.fr\/Afaverre\/wp-content\/uploads\/2024\/10\/P1350522-1.jpg 1023w, https:\/\/afaverre.fr\/Afaverre\/wp-content\/uploads\/2024\/10\/P1350522-1-300x225.jpg 300w, https:\/\/afaverre.fr\/Afaverre\/wp-content\/uploads\/2024\/10\/P1350522-1-768x577.jpg 768w\" sizes=\"auto, (max-width: 1023px) 100vw, 1023px\" \/><\/figure>\n\n\n\n<figure class=\"wp-block-image size-full\"><img loading=\"lazy\" decoding=\"async\" width=\"1023\" height=\"768\" data-id=\"4382\" src=\"https:\/\/afaverre.fr\/Afaverre\/wp-content\/uploads\/2024\/10\/P1350534-1.jpg\" alt=\"\" class=\"wp-image-4382\" srcset=\"https:\/\/afaverre.fr\/Afaverre\/wp-content\/uploads\/2024\/10\/P1350534-1.jpg 1023w, https:\/\/afaverre.fr\/Afaverre\/wp-content\/uploads\/2024\/10\/P1350534-1-300x225.jpg 300w, https:\/\/afaverre.fr\/Afaverre\/wp-content\/uploads\/2024\/10\/P1350534-1-768x577.jpg 768w\" sizes=\"auto, (max-width: 1023px) 100vw, 1023px\" \/><\/figure>\n\n\n\n<figure class=\"wp-block-image size-large\"><img loading=\"lazy\" decoding=\"async\" width=\"1024\" height=\"576\" data-id=\"4381\" src=\"https:\/\/afaverre.fr\/Afaverre\/wp-content\/uploads\/2024\/10\/P1350559-1-1024x576.jpg\" alt=\"\" class=\"wp-image-4381\" srcset=\"https:\/\/afaverre.fr\/Afaverre\/wp-content\/uploads\/2024\/10\/P1350559-1-1024x576.jpg 1024w, https:\/\/afaverre.fr\/Afaverre\/wp-content\/uploads\/2024\/10\/P1350559-1-300x169.jpg 300w, https:\/\/afaverre.fr\/Afaverre\/wp-content\/uploads\/2024\/10\/P1350559-1-768x432.jpg 768w, https:\/\/afaverre.fr\/Afaverre\/wp-content\/uploads\/2024\/10\/P1350559-1.jpg 1365w\" sizes=\"auto, (max-width: 1024px) 100vw, 1024px\" \/><\/figure>\n\n\n\n<figure class=\"wp-block-image size-full\"><img loading=\"lazy\" decoding=\"async\" width=\"1023\" height=\"768\" data-id=\"4380\" src=\"https:\/\/afaverre.fr\/Afaverre\/wp-content\/uploads\/2024\/10\/P1340803-1.jpg\" alt=\"\" class=\"wp-image-4380\" srcset=\"https:\/\/afaverre.fr\/Afaverre\/wp-content\/uploads\/2024\/10\/P1340803-1.jpg 1023w, https:\/\/afaverre.fr\/Afaverre\/wp-content\/uploads\/2024\/10\/P1340803-1-300x225.jpg 300w, https:\/\/afaverre.fr\/Afaverre\/wp-content\/uploads\/2024\/10\/P1340803-1-768x577.jpg 768w\" sizes=\"auto, (max-width: 1023px) 100vw, 1023px\" \/><\/figure>\n\n\n\n<figure class=\"wp-block-image size-full\"><img loading=\"lazy\" decoding=\"async\" width=\"1023\" height=\"768\" data-id=\"4379\" src=\"https:\/\/afaverre.fr\/Afaverre\/wp-content\/uploads\/2024\/10\/P1100191-1.jpg\" alt=\"\" class=\"wp-image-4379\" srcset=\"https:\/\/afaverre.fr\/Afaverre\/wp-content\/uploads\/2024\/10\/P1100191-1.jpg 1023w, https:\/\/afaverre.fr\/Afaverre\/wp-content\/uploads\/2024\/10\/P1100191-1-300x225.jpg 300w, https:\/\/afaverre.fr\/Afaverre\/wp-content\/uploads\/2024\/10\/P1100191-1-768x577.jpg 768w\" sizes=\"auto, (max-width: 1023px) 100vw, 1023px\" \/><\/figure>\n\n\n\n<figure class=\"wp-block-image size-full\"><img loading=\"lazy\" decoding=\"async\" width=\"1023\" height=\"768\" data-id=\"4377\" src=\"https:\/\/afaverre.fr\/Afaverre\/wp-content\/uploads\/2024\/10\/P1340826-1.jpg\" alt=\"\" class=\"wp-image-4377\" srcset=\"https:\/\/afaverre.fr\/Afaverre\/wp-content\/uploads\/2024\/10\/P1340826-1.jpg 1023w, https:\/\/afaverre.fr\/Afaverre\/wp-content\/uploads\/2024\/10\/P1340826-1-300x225.jpg 300w, https:\/\/afaverre.fr\/Afaverre\/wp-content\/uploads\/2024\/10\/P1340826-1-768x577.jpg 768w\" sizes=\"auto, (max-width: 1023px) 100vw, 1023px\" \/><\/figure>\n\n\n\n<figure class=\"wp-block-image size-full\"><img loading=\"lazy\" decoding=\"async\" width=\"1023\" height=\"768\" data-id=\"4376\" src=\"https:\/\/afaverre.fr\/Afaverre\/wp-content\/uploads\/2024\/10\/P1340806-1.jpg\" alt=\"\" class=\"wp-image-4376\" srcset=\"https:\/\/afaverre.fr\/Afaverre\/wp-content\/uploads\/2024\/10\/P1340806-1.jpg 1023w, https:\/\/afaverre.fr\/Afaverre\/wp-content\/uploads\/2024\/10\/P1340806-1-300x225.jpg 300w, https:\/\/afaverre.fr\/Afaverre\/wp-content\/uploads\/2024\/10\/P1340806-1-768x577.jpg 768w\" sizes=\"auto, (max-width: 1023px) 100vw, 1023px\" \/><\/figure>\n\n\n\n<figure class=\"wp-block-image size-full\"><img loading=\"lazy\" decoding=\"async\" width=\"1023\" height=\"768\" data-id=\"4372\" src=\"https:\/\/afaverre.fr\/Afaverre\/wp-content\/uploads\/2024\/10\/P1350574-1.jpg\" alt=\"\" class=\"wp-image-4372\" srcset=\"https:\/\/afaverre.fr\/Afaverre\/wp-content\/uploads\/2024\/10\/P1350574-1.jpg 1023w, https:\/\/afaverre.fr\/Afaverre\/wp-content\/uploads\/2024\/10\/P1350574-1-300x225.jpg 300w, https:\/\/afaverre.fr\/Afaverre\/wp-content\/uploads\/2024\/10\/P1350574-1-768x577.jpg 768w\" sizes=\"auto, (max-width: 1023px) 100vw, 1023px\" \/><\/figure>\n\n\n\n<figure class=\"wp-block-image size-full\"><img loading=\"lazy\" decoding=\"async\" width=\"913\" height=\"431\" data-id=\"4373\" src=\"https:\/\/afaverre.fr\/Afaverre\/wp-content\/uploads\/2024\/10\/musee-1.jpg\" alt=\"\" class=\"wp-image-4373\" srcset=\"https:\/\/afaverre.fr\/Afaverre\/wp-content\/uploads\/2024\/10\/musee-1.jpg 913w, https:\/\/afaverre.fr\/Afaverre\/wp-content\/uploads\/2024\/10\/musee-1-300x142.jpg 300w, https:\/\/afaverre.fr\/Afaverre\/wp-content\/uploads\/2024\/10\/musee-1-768x363.jpg 768w\" sizes=\"auto, (max-width: 913px) 100vw, 913px\" \/><\/figure>\n\n\n\n<figure class=\"wp-block-image size-large\"><img loading=\"lazy\" decoding=\"async\" width=\"1024\" height=\"576\" data-id=\"4374\" src=\"https:\/\/afaverre.fr\/Afaverre\/wp-content\/uploads\/2024\/10\/P1350508-1-1024x576.jpg\" alt=\"\" class=\"wp-image-4374\" srcset=\"https:\/\/afaverre.fr\/Afaverre\/wp-content\/uploads\/2024\/10\/P1350508-1-1024x576.jpg 1024w, https:\/\/afaverre.fr\/Afaverre\/wp-content\/uploads\/2024\/10\/P1350508-1-300x169.jpg 300w, https:\/\/afaverre.fr\/Afaverre\/wp-content\/uploads\/2024\/10\/P1350508-1-768x432.jpg 768w, https:\/\/afaverre.fr\/Afaverre\/wp-content\/uploads\/2024\/10\/P1350508-1.jpg 1365w\" sizes=\"auto, (max-width: 1024px) 100vw, 1024px\" \/><\/figure>\n\n\n\n<figure class=\"wp-block-image size-full\"><img loading=\"lazy\" decoding=\"async\" width=\"1023\" height=\"768\" data-id=\"4375\" src=\"https:\/\/afaverre.fr\/Afaverre\/wp-content\/uploads\/2024\/10\/P1340799-1.jpg\" alt=\"\" class=\"wp-image-4375\" srcset=\"https:\/\/afaverre.fr\/Afaverre\/wp-content\/uploads\/2024\/10\/P1340799-1.jpg 1023w, https:\/\/afaverre.fr\/Afaverre\/wp-content\/uploads\/2024\/10\/P1340799-1-300x225.jpg 300w, https:\/\/afaverre.fr\/Afaverre\/wp-content\/uploads\/2024\/10\/P1340799-1-768x577.jpg 768w\" sizes=\"auto, (max-width: 1023px) 100vw, 1023px\" \/><\/figure>\n\n\n\n<figure class=\"wp-block-image size-full\"><img loading=\"lazy\" decoding=\"async\" width=\"1023\" height=\"768\" data-id=\"4371\" src=\"https:\/\/afaverre.fr\/Afaverre\/wp-content\/uploads\/2024\/10\/P1350572-1.jpg\" alt=\"\" class=\"wp-image-4371\" srcset=\"https:\/\/afaverre.fr\/Afaverre\/wp-content\/uploads\/2024\/10\/P1350572-1.jpg 1023w, https:\/\/afaverre.fr\/Afaverre\/wp-content\/uploads\/2024\/10\/P1350572-1-300x225.jpg 300w, https:\/\/afaverre.fr\/Afaverre\/wp-content\/uploads\/2024\/10\/P1350572-1-768x577.jpg 768w\" sizes=\"auto, (max-width: 1023px) 100vw, 1023px\" \/><\/figure>\n\n\n\n<figure class=\"wp-block-image size-large\"><img loading=\"lazy\" decoding=\"async\" width=\"576\" height=\"1024\" data-id=\"4368\" src=\"https:\/\/afaverre.fr\/Afaverre\/wp-content\/uploads\/2024\/10\/P1350476-1-576x1024.jpg\" alt=\"\" class=\"wp-image-4368\" srcset=\"https:\/\/afaverre.fr\/Afaverre\/wp-content\/uploads\/2024\/10\/P1350476-1-576x1024.jpg 576w, https:\/\/afaverre.fr\/Afaverre\/wp-content\/uploads\/2024\/10\/P1350476-1-169x300.jpg 169w, https:\/\/afaverre.fr\/Afaverre\/wp-content\/uploads\/2024\/10\/P1350476-1.jpg 768w\" sizes=\"auto, (max-width: 576px) 100vw, 576px\" \/><\/figure>\n\n\n\n<figure class=\"wp-block-image size-full\"><img loading=\"lazy\" decoding=\"async\" width=\"1023\" height=\"768\" data-id=\"4370\" src=\"https:\/\/afaverre.fr\/Afaverre\/wp-content\/uploads\/2024\/10\/P1350070-1.jpg\" alt=\"\" class=\"wp-image-4370\" srcset=\"https:\/\/afaverre.fr\/Afaverre\/wp-content\/uploads\/2024\/10\/P1350070-1.jpg 1023w, https:\/\/afaverre.fr\/Afaverre\/wp-content\/uploads\/2024\/10\/P1350070-1-300x225.jpg 300w, https:\/\/afaverre.fr\/Afaverre\/wp-content\/uploads\/2024\/10\/P1350070-1-768x577.jpg 768w\" sizes=\"auto, (max-width: 1023px) 100vw, 1023px\" \/><\/figure>\n\n\n\n<figure class=\"wp-block-image size-large\"><img loading=\"lazy\" decoding=\"async\" width=\"1024\" height=\"576\" data-id=\"4391\" src=\"https:\/\/afaverre.fr\/Afaverre\/wp-content\/uploads\/2024\/10\/P1340994-1-1024x576.jpg\" alt=\"\" class=\"wp-image-4391\" srcset=\"https:\/\/afaverre.fr\/Afaverre\/wp-content\/uploads\/2024\/10\/P1340994-1-1024x576.jpg 1024w, https:\/\/afaverre.fr\/Afaverre\/wp-content\/uploads\/2024\/10\/P1340994-1-300x169.jpg 300w, https:\/\/afaverre.fr\/Afaverre\/wp-content\/uploads\/2024\/10\/P1340994-1-768x432.jpg 768w, https:\/\/afaverre.fr\/Afaverre\/wp-content\/uploads\/2024\/10\/P1340994-1.jpg 1365w\" sizes=\"auto, (max-width: 1024px) 100vw, 1024px\" \/><\/figure>\n\n\n\n<figure class=\"wp-block-image size-large\"><img loading=\"lazy\" decoding=\"async\" width=\"1024\" height=\"576\" data-id=\"4378\" src=\"https:\/\/afaverre.fr\/Afaverre\/wp-content\/uploads\/2024\/10\/P1350372-1-1024x576.jpg\" alt=\"\" class=\"wp-image-4378\" srcset=\"https:\/\/afaverre.fr\/Afaverre\/wp-content\/uploads\/2024\/10\/P1350372-1-1024x576.jpg 1024w, https:\/\/afaverre.fr\/Afaverre\/wp-content\/uploads\/2024\/10\/P1350372-1-300x169.jpg 300w, https:\/\/afaverre.fr\/Afaverre\/wp-content\/uploads\/2024\/10\/P1350372-1-768x432.jpg 768w, https:\/\/afaverre.fr\/Afaverre\/wp-content\/uploads\/2024\/10\/P1350372-1.jpg 1365w\" sizes=\"auto, (max-width: 1024px) 100vw, 1024px\" \/><\/figure>\n\n\n\n<figure class=\"wp-block-image size-full\"><img loading=\"lazy\" decoding=\"async\" width=\"1023\" height=\"768\" data-id=\"4367\" src=\"https:\/\/afaverre.fr\/Afaverre\/wp-content\/uploads\/2024\/10\/P1350102-1.jpg\" alt=\"\" class=\"wp-image-4367\" srcset=\"https:\/\/afaverre.fr\/Afaverre\/wp-content\/uploads\/2024\/10\/P1350102-1.jpg 1023w, https:\/\/afaverre.fr\/Afaverre\/wp-content\/uploads\/2024\/10\/P1350102-1-300x225.jpg 300w, https:\/\/afaverre.fr\/Afaverre\/wp-content\/uploads\/2024\/10\/P1350102-1-768x577.jpg 768w\" sizes=\"auto, (max-width: 1023px) 100vw, 1023px\" \/><\/figure>\n\n\n\n<figure class=\"wp-block-image size-full\"><img loading=\"lazy\" decoding=\"async\" width=\"1023\" height=\"768\" data-id=\"4369\" src=\"https:\/\/afaverre.fr\/Afaverre\/wp-content\/uploads\/2024\/10\/P1350390-1.jpg\" alt=\"\" class=\"wp-image-4369\" srcset=\"https:\/\/afaverre.fr\/Afaverre\/wp-content\/uploads\/2024\/10\/P1350390-1.jpg 1023w, https:\/\/afaverre.fr\/Afaverre\/wp-content\/uploads\/2024\/10\/P1350390-1-300x225.jpg 300w, https:\/\/afaverre.fr\/Afaverre\/wp-content\/uploads\/2024\/10\/P1350390-1-768x577.jpg 768w\" sizes=\"auto, (max-width: 1023px) 100vw, 1023px\" \/><\/figure>\n\n\n\n<figure class=\"wp-block-image size-full\"><img loading=\"lazy\" decoding=\"async\" width=\"1023\" height=\"768\" data-id=\"4366\" src=\"https:\/\/afaverre.fr\/Afaverre\/wp-content\/uploads\/2024\/10\/P1350488-1.jpg\" alt=\"\" class=\"wp-image-4366\" srcset=\"https:\/\/afaverre.fr\/Afaverre\/wp-content\/uploads\/2024\/10\/P1350488-1.jpg 1023w, https:\/\/afaverre.fr\/Afaverre\/wp-content\/uploads\/2024\/10\/P1350488-1-300x225.jpg 300w, https:\/\/afaverre.fr\/Afaverre\/wp-content\/uploads\/2024\/10\/P1350488-1-768x577.jpg 768w\" sizes=\"auto, (max-width: 1023px) 100vw, 1023px\" \/><\/figure>\n\n\n\n<figure class=\"wp-block-image size-full\"><img loading=\"lazy\" decoding=\"async\" width=\"1023\" height=\"768\" data-id=\"4365\" src=\"https:\/\/afaverre.fr\/Afaverre\/wp-content\/uploads\/2024\/10\/P1350328-1.jpg\" alt=\"\" class=\"wp-image-4365\" srcset=\"https:\/\/afaverre.fr\/Afaverre\/wp-content\/uploads\/2024\/10\/P1350328-1.jpg 1023w, https:\/\/afaverre.fr\/Afaverre\/wp-content\/uploads\/2024\/10\/P1350328-1-300x225.jpg 300w, https:\/\/afaverre.fr\/Afaverre\/wp-content\/uploads\/2024\/10\/P1350328-1-768x577.jpg 768w\" sizes=\"auto, (max-width: 1023px) 100vw, 1023px\" \/><\/figure>\n\n\n\n<figure class=\"wp-block-image size-large\"><img loading=\"lazy\" decoding=\"async\" width=\"1024\" height=\"576\" data-id=\"4364\" src=\"https:\/\/afaverre.fr\/Afaverre\/wp-content\/uploads\/2024\/10\/P1340998-1-1024x576.jpg\" alt=\"\" class=\"wp-image-4364\" srcset=\"https:\/\/afaverre.fr\/Afaverre\/wp-content\/uploads\/2024\/10\/P1340998-1-1024x576.jpg 1024w, https:\/\/afaverre.fr\/Afaverre\/wp-content\/uploads\/2024\/10\/P1340998-1-300x169.jpg 300w, https:\/\/afaverre.fr\/Afaverre\/wp-content\/uploads\/2024\/10\/P1340998-1-768x432.jpg 768w, https:\/\/afaverre.fr\/Afaverre\/wp-content\/uploads\/2024\/10\/P1340998-1.jpg 1365w\" sizes=\"auto, (max-width: 1024px) 100vw, 1024px\" \/><\/figure>\n\n\n\n<figure class=\"wp-block-image size-full\"><img loading=\"lazy\" decoding=\"async\" width=\"1023\" height=\"768\" data-id=\"4363\" src=\"https:\/\/afaverre.fr\/Afaverre\/wp-content\/uploads\/2024\/10\/P1340895.jpg\" alt=\"\" class=\"wp-image-4363\" srcset=\"https:\/\/afaverre.fr\/Afaverre\/wp-content\/uploads\/2024\/10\/P1340895.jpg 1023w, https:\/\/afaverre.fr\/Afaverre\/wp-content\/uploads\/2024\/10\/P1340895-300x225.jpg 300w, https:\/\/afaverre.fr\/Afaverre\/wp-content\/uploads\/2024\/10\/P1340895-768x577.jpg 768w\" sizes=\"auto, (max-width: 1023px) 100vw, 1023px\" \/><\/figure>\n\n\n\n<figure class=\"wp-block-image size-full\"><img loading=\"lazy\" decoding=\"async\" width=\"1023\" height=\"768\" data-id=\"4362\" src=\"https:\/\/afaverre.fr\/Afaverre\/wp-content\/uploads\/2024\/10\/P1340872.jpg\" alt=\"\" class=\"wp-image-4362\" srcset=\"https:\/\/afaverre.fr\/Afaverre\/wp-content\/uploads\/2024\/10\/P1340872.jpg 1023w, https:\/\/afaverre.fr\/Afaverre\/wp-content\/uploads\/2024\/10\/P1340872-300x225.jpg 300w, https:\/\/afaverre.fr\/Afaverre\/wp-content\/uploads\/2024\/10\/P1340872-768x577.jpg 768w\" sizes=\"auto, (max-width: 1023px) 100vw, 1023px\" \/><\/figure>\n\n\n\n<figure class=\"wp-block-image size-full\"><img loading=\"lazy\" decoding=\"async\" width=\"1023\" height=\"768\" data-id=\"4361\" src=\"https:\/\/afaverre.fr\/Afaverre\/wp-content\/uploads\/2024\/10\/P1340826.jpg\" alt=\"\" class=\"wp-image-4361\" srcset=\"https:\/\/afaverre.fr\/Afaverre\/wp-content\/uploads\/2024\/10\/P1340826.jpg 1023w, https:\/\/afaverre.fr\/Afaverre\/wp-content\/uploads\/2024\/10\/P1340826-300x225.jpg 300w, https:\/\/afaverre.fr\/Afaverre\/wp-content\/uploads\/2024\/10\/P1340826-768x577.jpg 768w\" sizes=\"auto, (max-width: 1023px) 100vw, 1023px\" \/><\/figure>\n\n\n\n<figure class=\"wp-block-image size-full\"><img loading=\"lazy\" decoding=\"async\" width=\"1023\" height=\"768\" data-id=\"4360\" src=\"https:\/\/afaverre.fr\/Afaverre\/wp-content\/uploads\/2024\/10\/P1340806.jpg\" alt=\"\" class=\"wp-image-4360\" srcset=\"https:\/\/afaverre.fr\/Afaverre\/wp-content\/uploads\/2024\/10\/P1340806.jpg 1023w, https:\/\/afaverre.fr\/Afaverre\/wp-content\/uploads\/2024\/10\/P1340806-300x225.jpg 300w, https:\/\/afaverre.fr\/Afaverre\/wp-content\/uploads\/2024\/10\/P1340806-768x577.jpg 768w\" sizes=\"auto, (max-width: 1023px) 100vw, 1023px\" \/><\/figure>\n\n\n\n<figure class=\"wp-block-image size-large\"><img loading=\"lazy\" decoding=\"async\" width=\"1024\" height=\"576\" data-id=\"4337\" src=\"https:\/\/afaverre.fr\/Afaverre\/wp-content\/uploads\/2024\/10\/DSC_0014-1024x576.jpg\" alt=\"\" class=\"wp-image-4337\" srcset=\"https:\/\/afaverre.fr\/Afaverre\/wp-content\/uploads\/2024\/10\/DSC_0014-1024x576.jpg 1024w, https:\/\/afaverre.fr\/Afaverre\/wp-content\/uploads\/2024\/10\/DSC_0014-300x169.jpg 300w, https:\/\/afaverre.fr\/Afaverre\/wp-content\/uploads\/2024\/10\/DSC_0014-768x432.jpg 768w, https:\/\/afaverre.fr\/Afaverre\/wp-content\/uploads\/2024\/10\/DSC_0014-1536x864.jpg 1536w, https:\/\/afaverre.fr\/Afaverre\/wp-content\/uploads\/2024\/10\/DSC_0014-1568x882.jpg 1568w, https:\/\/afaverre.fr\/Afaverre\/wp-content\/uploads\/2024\/10\/DSC_0014.jpg 1820w\" sizes=\"auto, (max-width: 1024px) 100vw, 1024px\" \/><\/figure>\n\n\n\n<figure class=\"wp-block-image size-large\"><img loading=\"lazy\" decoding=\"async\" width=\"1024\" height=\"576\" data-id=\"4336\" src=\"https:\/\/afaverre.fr\/Afaverre\/wp-content\/uploads\/2024\/10\/DSC_0017-1024x576.jpg\" alt=\"\" class=\"wp-image-4336\" srcset=\"https:\/\/afaverre.fr\/Afaverre\/wp-content\/uploads\/2024\/10\/DSC_0017-1024x576.jpg 1024w, https:\/\/afaverre.fr\/Afaverre\/wp-content\/uploads\/2024\/10\/DSC_0017-300x169.jpg 300w, https:\/\/afaverre.fr\/Afaverre\/wp-content\/uploads\/2024\/10\/DSC_0017-768x432.jpg 768w, https:\/\/afaverre.fr\/Afaverre\/wp-content\/uploads\/2024\/10\/DSC_0017-1536x864.jpg 1536w, https:\/\/afaverre.fr\/Afaverre\/wp-content\/uploads\/2024\/10\/DSC_0017-1568x882.jpg 1568w, https:\/\/afaverre.fr\/Afaverre\/wp-content\/uploads\/2024\/10\/DSC_0017.jpg 1820w\" sizes=\"auto, (max-width: 1024px) 100vw, 1024px\" \/><\/figure>\n\n\n\n<figure class=\"wp-block-image size-full\"><img loading=\"lazy\" decoding=\"async\" width=\"480\" height=\"344\" data-id=\"4335\" src=\"https:\/\/afaverre.fr\/Afaverre\/wp-content\/uploads\/2024\/10\/DSC00338.jpg\" alt=\"\" class=\"wp-image-4335\" srcset=\"https:\/\/afaverre.fr\/Afaverre\/wp-content\/uploads\/2024\/10\/DSC00338.jpg 480w, https:\/\/afaverre.fr\/Afaverre\/wp-content\/uploads\/2024\/10\/DSC00338-300x215.jpg 300w\" sizes=\"auto, (max-width: 480px) 100vw, 480px\" \/><\/figure>\n\n\n\n<figure class=\"wp-block-image size-full\"><img loading=\"lazy\" decoding=\"async\" width=\"480\" height=\"295\" data-id=\"4334\" src=\"https:\/\/afaverre.fr\/Afaverre\/wp-content\/uploads\/2024\/10\/DSC00395.jpg\" alt=\"\" class=\"wp-image-4334\" srcset=\"https:\/\/afaverre.fr\/Afaverre\/wp-content\/uploads\/2024\/10\/DSC00395.jpg 480w, https:\/\/afaverre.fr\/Afaverre\/wp-content\/uploads\/2024\/10\/DSC00395-300x184.jpg 300w\" sizes=\"auto, (max-width: 480px) 100vw, 480px\" \/><\/figure>\n\n\n\n<figure class=\"wp-block-image size-full\"><img loading=\"lazy\" decoding=\"async\" width=\"480\" height=\"320\" data-id=\"4333\" src=\"https:\/\/afaverre.fr\/Afaverre\/wp-content\/uploads\/2024\/10\/DSC00388.jpg\" alt=\"\" class=\"wp-image-4333\" srcset=\"https:\/\/afaverre.fr\/Afaverre\/wp-content\/uploads\/2024\/10\/DSC00388.jpg 480w, https:\/\/afaverre.fr\/Afaverre\/wp-content\/uploads\/2024\/10\/DSC00388-300x200.jpg 300w\" sizes=\"auto, (max-width: 480px) 100vw, 480px\" \/><\/figure>\n\n\n\n<figure class=\"wp-block-image size-full\"><img loading=\"lazy\" decoding=\"async\" width=\"480\" height=\"320\" data-id=\"4332\" src=\"https:\/\/afaverre.fr\/Afaverre\/wp-content\/uploads\/2024\/10\/DSC00392.jpg\" alt=\"\" class=\"wp-image-4332\" srcset=\"https:\/\/afaverre.fr\/Afaverre\/wp-content\/uploads\/2024\/10\/DSC00392.jpg 480w, https:\/\/afaverre.fr\/Afaverre\/wp-content\/uploads\/2024\/10\/DSC00392-300x200.jpg 300w\" sizes=\"auto, (max-width: 480px) 100vw, 480px\" \/><\/figure>\n<\/figure>\n","protected":false},"excerpt":{"rendered":"<p>Les 32e rencontres se sont tenues \u00e0 Saint-Romain-En-Gal, du 27 au 29 octobre 2017 Ont contribu\u00e9 \u00e0 ce retour en images : Alain, Claudine, Jo\u00ebl, Nicole.<\/p>\n","protected":false},"author":1,"featured_media":0,"parent":4785,"menu_order":0,"comment_status":"closed","ping_status":"closed","template":"","meta":{"_EventAllDay":false,"_EventTimezone":"","_EventStartDate":"","_EventEndDate":"","_EventStartDateUTC":"","_EventEndDateUTC":"","_EventShowMap":false,"_EventShowMapLink":false,"_EventURL":"","_EventCost":"","_EventCostDescription":"","_EventCurrencySymbol":"","_EventCurrencyCode":"","_EventCurrencyPosition":"","_EventDateTimeSeparator":"","_EventTimeRangeSeparator":"","_EventOrganizerID":[],"_EventVenueID":[],"_OrganizerEmail":"","_OrganizerPhone":"","_OrganizerWebsite":"","_VenueAddress":"","_VenueCity":"","_VenueCountry":"","_VenueProvince":"","_VenueState":"","_VenueZip":"","_VenuePhone":"","_VenueURL":"","_VenueStateProvince":"","_VenueLat":"","_VenueLng":"","_VenueShowMap":false,"_VenueShowMapLink":false,"footnotes":""},"class_list":["post-4869","page","type-page","status-publish","hentry"],"_links":{"self":[{"href":"https:\/\/afaverre.fr\/Afaverre\/wp-json\/wp\/v2\/pages\/4869","targetHints":{"allow":["GET"]}}],"collection":[{"href":"https:\/\/afaverre.fr\/Afaverre\/wp-json\/wp\/v2\/pages"}],"about":[{"href":"https:\/\/afaverre.fr\/Afaverre\/wp-json\/wp\/v2\/types\/page"}],"author":[{"embeddable":true,"href":"https:\/\/afaverre.fr\/Afaverre\/wp-json\/wp\/v2\/users\/1"}],"replies":[{"embeddable":true,"href":"https:\/\/afaverre.fr\/Afaverre\/wp-json\/wp\/v2\/comments?post=4869"}],"version-history":[{"count":5,"href":"https:\/\/afaverre.fr\/Afaverre\/wp-json\/wp\/v2\/pages\/4869\/revisions"}],"predecessor-version":[{"id":6101,"href":"https:\/\/afaverre.fr\/Afaverre\/wp-json\/wp\/v2\/pages\/4869\/revisions\/6101"}],"up":[{"embeddable":true,"href":"https:\/\/afaverre.fr\/Afaverre\/wp-json\/wp\/v2\/pages\/4785"}],"wp:attachment":[{"href":"https:\/\/afaverre.fr\/Afaverre\/wp-json\/wp\/v2\/media?parent=4869"}],"curies":[{"name":"wp","href":"https:\/\/api.w.org\/{rel}","templated":true}]}}