{"id":64,"date":"2012-03-18T20:14:26","date_gmt":"2012-03-18T19:14:26","guid":{"rendered":"http:\/\/afaverre.fr\/Afaverre\/?page_id=64"},"modified":"2025-05-25T23:39:56","modified_gmt":"2025-05-25T21:39:56","slug":"liens-utiles","status":"publish","type":"page","link":"https:\/\/afaverre.fr\/Afaverre\/publications\/liens-utiles\/","title":{"rendered":"Liens utiles"},"content":{"rendered":"\n<p class=\"has-text-align-center\" style=\"margin-top:var(--wp--preset--spacing--50);margin-bottom:var(--wp--preset--spacing--50)\">Une s\u00e9lection de liens en rapport avec le verre et l&rsquo;arch\u00e9ologie.<br>N&rsquo;h\u00e9sitez pas \u00e0 nous soumettre un site ou une actualit\u00e9 en \u00e9crivant \u00e0 <a href=\"mailto:jo.rolland@ouvaton.org\"><strong>secretariat@afaverre.fr<\/strong><\/a><\/p>\n\n\n\n<p><\/p>\n\n\n\n<h3 class=\"wp-block-heading\" style=\"margin-bottom:var(--wp--preset--spacing--30)\"><strong>Identification, conservation, restitution<\/strong><\/h3>\n\n\n\n<ul class=\"wp-block-list\">\n<li><a href=\"http:\/\/nautarch.tamu.edu\/class\/anth605\/File0.htm#Conservation%20Files\" target=\"_blank\" rel=\"noopener\">Programme d&rsquo;Arch\u00e9ologie sous-marine de l&rsquo;Universit\u00e9 du Texas <\/a><\/li>\n<\/ul>\n\n\n\n<div style=\"height:30px\" aria-hidden=\"true\" class=\"wp-block-spacer\"><\/div>\n\n\n\n<h3 class=\"wp-block-heading\" style=\"margin-bottom:var(--wp--preset--spacing--30)\"><strong>D\u00e9couvertes arch\u00e9ologiques<\/strong><\/h3>\n\n\n\n<ul class=\"wp-block-list\">\n<li><a href=\"http:\/\/missiongouyer.blogspot.fr\/\" target=\"_blank\" rel=\"noopener\">Blog de la mission Gouyer (Arch\u00e9ologie sous-marine en baie de Saint-Pierre, Martinique) <\/a><\/li>\n\n\n\n<li><a href=\"http:\/\/www.arkaeos.fr\" target=\"_blank\" rel=\"noopener\">Arkaeos, France <\/a><\/li>\n<\/ul>\n\n\n\n<div style=\"height:22px\" aria-hidden=\"true\" class=\"wp-block-spacer\"><\/div>\n\n\n\n<h3 class=\"wp-block-heading\" style=\"margin-bottom:var(--wp--preset--spacing--30)\"><strong>Techniques et verriers actuels<\/strong><\/h3>\n\n\n\n<ul class=\"wp-block-list\">\n<li><a href=\"http:\/\/www.verreonline.fr\">Verre Online<\/a> &#8211; le portail de l&rsquo;industrie du verre fran\u00e7aise<\/li>\n\n\n\n<li><a href=\"http:\/\/www.idverre.net\/\" target=\"_blank\" rel=\"noopener\">ID Verre<\/a><\/li>\n\n\n\n<li><a href=\"http:\/\/www.glassonline.com\/\" target=\"_blank\" rel=\"noopener\">Glass Online<\/a><\/li>\n\n\n\n<li><a href=\"http:\/\/verreriebiot.com\/\" target=\"_blank\" rel=\"noopener\">La verrerie de Biot<\/a><\/li>\n\n\n\n<li><a href=\"http:\/\/www.romanglassmakers.co.uk\/\" target=\"_blank\" rel=\"noreferrer noopener\">Roman Glassmakers<\/a><a href=\"http:\/\/www.sas.sav.sk\/\" target=\"_blank\" rel=\"noreferrer noopener\"><\/a><\/li>\n<\/ul>\n\n\n\n<div style=\"height:25px\" aria-hidden=\"true\" class=\"wp-block-spacer\"><\/div>\n\n\n\n<h3 class=\"wp-block-heading\" style=\"margin-bottom:var(--wp--preset--spacing--30)\">Formations, <strong>Universit\u00e9s, Instituts&#8230;<\/strong><\/h3>\n\n\n\n<ul class=\"wp-block-list\">\n<li><a href=\"https:\/\/www.cerfav.fr\/\" target=\"_blank\" rel=\"noreferrer noopener\">Centre Europ\u00e9en de Recherches et de Formation aux Arts Verriers<\/a><\/li>\n\n\n\n<li><a href=\"https:\/\/www.ecoleduverre.fr\/\">Ecole nationale du verre<\/a> (Yzeure)<\/li>\n\n\n\n<li><a href=\"http:\/\/www.institutduverre.fr\/\" target=\"_blank\" rel=\"noopener\">Institut du Verre<\/a><\/li>\n\n\n\n<li><a href=\"http:\/\/www.coulomb.univ-montp2.fr\/-Presentation-131-\">Laboratoire des Collo\u00efdes, Verres et Nanomat\u00e9riaux<\/a>, Universit\u00e9 de Montpellier<\/li>\n\n\n\n<li><a href=\"https:\/\/metiersdart.grandest.fr\/index.php\/lycee-professionnel-dominique-labroise\/centre-de-formation\">Lyc\u00e9e professionnel Dominique Labroise<\/a> (Sarrebourg)<br><a href=\"http:\/\/www.spevetro.it\/index.htm\" target=\"_blank\" rel=\"noopener\">Stazione Sperimentale del Vetro<\/a> (Italie)<br><\/li>\n<\/ul>\n\n\n\n<div style=\"height:32px\" aria-hidden=\"true\" class=\"wp-block-spacer\"><\/div>\n\n\n\n<h3 class=\"wp-block-heading\" style=\"margin-bottom:var(--wp--preset--spacing--30)\"><strong>Expositions, mus\u00e9es<\/strong><\/h3>\n\n\n\n<ul class=\"wp-block-list\">\n<li><a href=\"http:\/\/www.halleduverre.fr\/\" target=\"_blank\" rel=\"noopener\">Halle du Verre &#8211; Claret<\/a><\/li>\n\n\n\n<li><a href=\"https:\/\/ciav-meisenthal.fr\/\">Centre international d&rsquo;art verrier<\/a> (Meisenthal)<\/li>\n\n\n\n<li><a href=\"http:\/\/www.mnat.es\/mnat\/eng\/mnat\/marq\/marq26.html\" target=\"_blank\" rel=\"noopener\">Collection de verre du Mus\u00e9e arch\u00e9ologique de Tarragone<\/a><\/li>\n\n\n\n<li><a href=\"http:\/\/www.comune.bo.it\/archeologico\/percorsi\/47680\/id\/48419\/oggetto\/48432\/\" target=\"_blank\" rel=\"noopener\">Collection de verre romain<\/a> du Mus\u00e9e arch\u00e9ologique de Bologne (en Italien)<\/li>\n\n\n\n<li><a href=\"https:\/\/home.cmog.org\/\">Corning museum of glass<\/a> (Etats-Unis)<\/li>\n\n\n\n<li><a href=\"https:\/\/ecomusee-avesnois.fr\/\">Ecomus\u00e9e de l&rsquo;Avesnois (Trelon)<\/a><\/li>\n\n\n\n<li><a href=\"http:\/\/www.museeverre-tarn.com\/\">Mus\u00e9e\/centre d&rsquo;art du verre du Tarn<\/a><\/li>\n\n\n\n<li><a href=\"https:\/\/www.museescentre.com\/lesmuseesenregion\/mus%C3%A9e-du-verre-et-de-ses-m%C3%A9tiers\" target=\"_blank\" rel=\"noreferrer noopener\">Mus\u00e9e du verre et de ses m\u00e9tiers de Dordives<\/a><\/li>\n\n\n\n<li><a href=\"https:\/\/www.gordes-village.com\/patrimoine,musee,musee-du-vitrail--moulin-des-bouillons,105.html\" target=\"_blank\" rel=\"noreferrer noopener\">Mus\u00e9e du Verre et du Vitrail de Gordes<\/a><\/li>\n\n\n\n<li><a href=\"https:\/\/musverre.fr\/\">Mus\u00e9e du verre de Sars-Poteries<\/a><\/li>\n\n\n\n<li><a href=\"https:\/\/verre-argonne.org\/\">Mus\u00e9e du verre d&rsquo;Argonne<\/a> (les Islettes)<\/li>\n\n\n\n<li><a href=\"https:\/\/www.musee-lalique.com\/\">Mus\u00e9e Lalique<\/a><\/li>\n\n\n\n<li><a href=\"https:\/\/www.museeduverre.fr\/fr\">Mus\u00e9e du verre Fran\u00e7ois Decorchemont<\/a> (Conches-en-Ouche)<\/li>\n\n\n\n<li><a href=\"http:\/\/www.augustaraurica.ch\/fr\/visiter\/\" target=\"_blank\" rel=\"noopener\">Mus\u00e9e suisse Augusta Raurica<\/a><\/li>\n\n\n\n<li><a href=\"http:\/\/www.vitromusee.ch\" target=\"_blank\" rel=\"noopener\">Vitromus\u00e9e Romont (Suisse)<\/a><\/li>\n<\/ul>\n\n\n\n<div style=\"height:28px\" aria-hidden=\"true\" class=\"wp-block-spacer\"><\/div>\n\n\n\n<h3 class=\"wp-block-heading\" style=\"margin-bottom:var(--wp--preset--spacing--30)\"><strong>Associations<\/strong><\/h3>\n\n\n\n<ul class=\"wp-block-list\">\n<li><a href=\"http:\/\/www.aihv.org\" target=\"_blank\" rel=\"noopener\">AIHV &#8211; Association Internationale pour l&rsquo;Histoire du Verre<\/a><\/li>\n\n\n\n<li><a href=\"https:\/\/www.storiadelvetro.it\/\" target=\"_blank\" rel=\"noreferrer noopener\">AIHV-Comitato Nazionale Italiano<\/a><\/li>\n\n\n\n<li><a href=\"http:\/\/www.historyofglass.org.uk\/\" target=\"_blank\" rel=\"noopener\">Association for the History of Glass<\/a><\/li>\n\n\n\n<li><a href=\"https:\/\/www.genverre.com\/\">GenVerre<\/a><\/li>\n\n\n\n<li><a href=\"https:\/\/glass.mini.icom.museum\/\" target=\"_blank\" rel=\"noreferrer noopener\">GLASS \u2013 ICOM International Committee of Museums and Collections of Glass<\/a><\/li>\n\n\n\n<li><a href=\"http:\/\/www.verre-histoire.org\" target=\"_blank\" rel=\"noopener\">Verre et Histoire<\/a><\/li>\n<\/ul>\n\n\n\n<div style=\"height:33px\" aria-hidden=\"true\" class=\"wp-block-spacer\"><\/div>\n\n\n\n<h3 class=\"wp-block-heading\" style=\"margin-bottom:var(--wp--preset--spacing--30)\"><strong>Divers<\/strong><\/h3>\n\n\n\n<ul class=\"wp-block-list\">\n<li><a href=\"http:\/\/bouteillesanciennes.net\/\">Blog sur les bouteilles anciennes<\/a><\/li>\n\n\n\n<li><a href=\"http:\/\/archeoglass.jimdo.com\/\" target=\"_blank\" rel=\"noopener\">Une histoire de bracelets&#8230;<\/a><\/li>\n<\/ul>\n\n\n\n<p>&nbsp;<\/p>\n\n\n\n<div style=\"height:30px\" aria-hidden=\"true\" class=\"wp-block-spacer\"><\/div>\n","protected":false},"excerpt":{"rendered":"<p>Une s\u00e9lection de liens en rapport avec le verre et l&rsquo;arch\u00e9ologie.N&rsquo;h\u00e9sitez pas \u00e0 nous soumettre un site ou une actualit\u00e9 en \u00e9crivant \u00e0 secretariat@afaverre.fr Identification, conservation, restitution D\u00e9couvertes arch\u00e9ologiques Techniques [&hellip;]<\/p>\n","protected":false},"author":1,"featured_media":0,"parent":40,"menu_order":4,"comment_status":"closed","ping_status":"closed","template":"","meta":{"_EventAllDay":false,"_EventTimezone":"","_EventStartDate":"","_EventEndDate":"","_EventStartDateUTC":"","_EventEndDateUTC":"","_EventShowMap":false,"_EventShowMapLink":false,"_EventURL":"","_EventCost":"","_EventCostDescription":"","_EventCurrencySymbol":"","_EventCurrencyCode":"","_EventCurrencyPosition":"","_EventDateTimeSeparator":"","_EventTimeRangeSeparator":"","_EventOrganizerID":[],"_EventVenueID":[],"_OrganizerEmail":"","_OrganizerPhone":"","_OrganizerWebsite":"","_VenueAddress":"","_VenueCity":"","_VenueCountry":"","_VenueProvince":"","_VenueState":"","_VenueZip":"","_VenuePhone":"","_VenueURL":"","_VenueStateProvince":"","_VenueLat":"","_VenueLng":"","_VenueShowMap":false,"_VenueShowMapLink":false,"footnotes":""},"class_list":["post-64","page","type-page","status-publish","hentry"],"_links":{"self":[{"href":"https:\/\/afaverre.fr\/Afaverre\/wp-json\/wp\/v2\/pages\/64","targetHints":{"allow":["GET"]}}],"collection":[{"href":"https:\/\/afaverre.fr\/Afaverre\/wp-json\/wp\/v2\/pages"}],"about":[{"href":"https:\/\/afaverre.fr\/Afaverre\/wp-json\/wp\/v2\/types\/page"}],"author":[{"embeddable":true,"href":"https:\/\/afaverre.fr\/Afaverre\/wp-json\/wp\/v2\/users\/1"}],"replies":[{"embeddable":true,"href":"https:\/\/afaverre.fr\/Afaverre\/wp-json\/wp\/v2\/comments?post=64"}],"version-history":[{"count":58,"href":"https:\/\/afaverre.fr\/Afaverre\/wp-json\/wp\/v2\/pages\/64\/revisions"}],"predecessor-version":[{"id":7340,"href":"https:\/\/afaverre.fr\/Afaverre\/wp-json\/wp\/v2\/pages\/64\/revisions\/7340"}],"up":[{"embeddable":true,"href":"https:\/\/afaverre.fr\/Afaverre\/wp-json\/wp\/v2\/pages\/40"}],"wp:attachment":[{"href":"https:\/\/afaverre.fr\/Afaverre\/wp-json\/wp\/v2\/media?parent=64"}],"curies":[{"name":"wp","href":"https:\/\/api.w.org\/{rel}","templated":true}]}}